{"id":4459,"date":"2018-02-06T21:46:05","date_gmt":"2018-02-06T19:46:05","guid":{"rendered":"https:\/\/www.saxsim.ee\/?post_type=product&#038;p=4459"},"modified":"2025-07-06T10:34:13","modified_gmt":"2025-07-06T07:34:13","slug":"ds-mineral-removing-shampoo-250-ml","status":"publish","type":"product","link":"https:\/\/saxsim.ee\/swp\/product\/ds-mineral-removing-shampoo-250-ml\/","title":{"rendered":"DS Mineral Removing Shampoo 250 ml. &#8211; s\u00fcvapuhastav \u0161ampoon"},"content":{"rendered":"<p>L\u00f5hnastamata s\u00fcvapuhastav \u0161ampoon\u00a0k\u00f5ikidele\u00a0juukset\u00fc\u00fcpidele.\u00a0Eemaldab t\u00f5husalt juustest mineraalid, kloori ja viimistlusainete j\u00e4\u00e4gid. \u00d5rnatoimeline koostis annab juustele l\u00e4iget, taaselustab juuksev\u00e4rvi ja muudab juuksed kergesti k\u00e4sitletavateks. Soovitatakse kasutada 1-4 korda kuus.<\/p>\n<p><strong><u>Kasutamine:<\/u><\/strong>\u00a0Kanna\u00a0\u0161ampoon niisketesse juustesse, aja vahule, lase m\u00f5juda 1 &#8211; 5 minutit ja loputa hoolikalt. J\u00e4tka t\u00f6\u00f6tlust\u00a0DS Mineral Removing Elixir`iga.<\/p>\n<p>pH: 6,0<\/p>\n<p><strong>DS Mineral Removing Shampoo on\u00a0dermatoloogiliselt\u00a0testitud tundlikul nahal.<\/strong><\/p>\n<p>DS Mineral Removing Shampoo on saadaval ka suurustes 1000 ml.<\/p>\n","protected":false},"excerpt":{"rendered":"<p>L\u00f5hnastamata s\u00fcvapuhastav \u0161ampoon\u00a0k\u00f5ikidele\u00a0juukset\u00fc\u00fcpidele.\u00a0Eemaldab t\u00f5husalt juustest mineraalid, kloori ja viimistlusainete j\u00e4\u00e4gid. \u00d5rnatoimeline koostis annab juustele l\u00e4iget, taaselustab juuksev\u00e4rvi ja muudab juuksed kergesti k\u00e4sitletavateks. Soovitatakse kasutada 1-4 korda kuus. Kasutamine:\u00a0Kanna\u00a0\u0161ampoon niisketesse juustesse, aja vahule, lase m\u00f5juda 1 &#8211; 5 minutit ja loputa hoolikalt. J\u00e4tka t\u00f6\u00f6tlust\u00a0DS Mineral Removing Elixir`iga. pH: 6,0 DS Mineral Removing Shampoo on\u00a0dermatoloogiliselt\u00a0testitud tundlikul nahal. [&hellip;]<\/p>\n","protected":false},"featured_media":4460,"comment_status":"closed","ping_status":"closed","template":"","meta":[],"product_cat":[728,395,659],"product_tag":[],"class_list":{"0":"post-4459","1":"product","2":"type-product","3":"status-publish","4":"has-post-thumbnail","6":"product_cat-ds","7":"product_cat-juuksed","8":"product_cat-sampoonid","10":"first","11":"instock","12":"taxable","13":"shipping-taxable","14":"purchasable","15":"product-type-simple"},"_links":{"self":[{"href":"https:\/\/saxsim.ee\/swp\/wp-json\/wp\/v2\/product\/4459"}],"collection":[{"href":"https:\/\/saxsim.ee\/swp\/wp-json\/wp\/v2\/product"}],"about":[{"href":"https:\/\/saxsim.ee\/swp\/wp-json\/wp\/v2\/types\/product"}],"replies":[{"embeddable":true,"href":"https:\/\/saxsim.ee\/swp\/wp-json\/wp\/v2\/comments?post=4459"}],"wp:featuredmedia":[{"embeddable":true,"href":"https:\/\/saxsim.ee\/swp\/wp-json\/wp\/v2\/media\/4460"}],"wp:attachment":[{"href":"https:\/\/saxsim.ee\/swp\/wp-json\/wp\/v2\/media?parent=4459"}],"wp:term":[{"taxonomy":"product_cat","embeddable":true,"href":"https:\/\/saxsim.ee\/swp\/wp-json\/wp\/v2\/product_cat?post=4459"},{"taxonomy":"product_tag","embeddable":true,"href":"https:\/\/saxsim.ee\/swp\/wp-json\/wp\/v2\/product_tag?post=4459"}],"curies":[{"name":"wp","href":"https:\/\/api.w.org\/{rel}","templated":true}]}}