{"id":4457,"date":"2018-02-06T20:57:27","date_gmt":"2018-02-06T18:57:27","guid":{"rendered":"https:\/\/www.saxsim.ee\/?post_type=product&#038;p=4457"},"modified":"2025-07-07T07:31:03","modified_gmt":"2025-07-07T04:31:03","slug":"ds-volume-conditioner-1000-ml","status":"publish","type":"product","link":"https:\/\/saxsim.ee\/swp\/product\/ds-volume-conditioner-1000-ml\/","title":{"rendered":"DS Volume Conditioner 1000 ml. &#8211; tihendav palsam \u00f5hukestele ja v\u00e4rvitud juustele"},"content":{"rendered":"<p>L\u00f5hnastamata,\u00a0<span id=\"result_box\" class=\"short_text\" lang=\"et\"><span class=\"\">tihendav palsam<\/span><\/span>\u00a0\u00f5hukestele\u00a0ja v\u00e4rvitud juustele.\u00a0Kerge koostisega palsam niisutab t\u00f5husalt, muutmata juukseid rasketeks. Juuksed on kergesti k\u00e4sitletavad ning elastsed. Juuksed tunduvad pehmed ja kohevad, nad on kergesti kammitavad ja kauni l\u00e4ikega. Sisaldab UV-kaitset.<\/p>\n<p><strong><u>Kasutamine:<\/u><\/strong>\u00a0Kanna palsam niisketesse juustesse, lase m\u00f5juda 2-5 min. ja loputa korralikult.<\/p>\n<p>pH: 3,6<\/p>\n<p><strong>DS Volume Conditioner on\u00a0dermatoloogiliselt\u00a0testitud tundlikul nahal.<\/strong><\/p>\n<p>DS Volume Conditioner on saadaval ka suurustes 50 ml. ja 250 ml.<\/p>\n","protected":false},"excerpt":{"rendered":"<p>L\u00f5hnastamata,\u00a0tihendav palsam\u00a0\u00f5hukestele\u00a0ja v\u00e4rvitud juustele.\u00a0Kerge koostisega palsam niisutab t\u00f5husalt, muutmata juukseid rasketeks. Juuksed on kergesti k\u00e4sitletavad ning elastsed. Juuksed tunduvad pehmed ja kohevad, nad on kergesti kammitavad ja kauni l\u00e4ikega. Sisaldab UV-kaitset. Kasutamine:\u00a0Kanna palsam niisketesse juustesse, lase m\u00f5juda 2-5 min. ja loputa korralikult. pH: 3,6 DS Volume Conditioner on\u00a0dermatoloogiliselt\u00a0testitud tundlikul nahal. DS Volume Conditioner on saadaval [&hellip;]<\/p>\n","protected":false},"featured_media":4455,"comment_status":"closed","ping_status":"closed","template":"","meta":[],"product_cat":[728,395,660],"product_tag":[],"class_list":{"0":"post-4457","1":"product","2":"type-product","3":"status-publish","4":"has-post-thumbnail","6":"product_cat-ds","7":"product_cat-juuksed","8":"product_cat-palsamid","10":"first","11":"instock","12":"taxable","13":"shipping-taxable","14":"purchasable","15":"product-type-simple"},"_links":{"self":[{"href":"https:\/\/saxsim.ee\/swp\/wp-json\/wp\/v2\/product\/4457"}],"collection":[{"href":"https:\/\/saxsim.ee\/swp\/wp-json\/wp\/v2\/product"}],"about":[{"href":"https:\/\/saxsim.ee\/swp\/wp-json\/wp\/v2\/types\/product"}],"replies":[{"embeddable":true,"href":"https:\/\/saxsim.ee\/swp\/wp-json\/wp\/v2\/comments?post=4457"}],"wp:featuredmedia":[{"embeddable":true,"href":"https:\/\/saxsim.ee\/swp\/wp-json\/wp\/v2\/media\/4455"}],"wp:attachment":[{"href":"https:\/\/saxsim.ee\/swp\/wp-json\/wp\/v2\/media?parent=4457"}],"wp:term":[{"taxonomy":"product_cat","embeddable":true,"href":"https:\/\/saxsim.ee\/swp\/wp-json\/wp\/v2\/product_cat?post=4457"},{"taxonomy":"product_tag","embeddable":true,"href":"https:\/\/saxsim.ee\/swp\/wp-json\/wp\/v2\/product_tag?post=4457"}],"curies":[{"name":"wp","href":"https:\/\/api.w.org\/{rel}","templated":true}]}}