{"id":4416,"date":"2018-01-16T19:48:50","date_gmt":"2018-01-16T17:48:50","guid":{"rendered":"https:\/\/www.saxsim.ee\/?post_type=product&#038;p=4416"},"modified":"2026-02-24T13:03:27","modified_gmt":"2026-02-24T11:03:27","slug":"refectocil-3-liquid-oxidant-100-ml","status":"publish","type":"product","link":"https:\/\/saxsim.ee\/swp\/product\/refectocil-3-liquid-oxidant-100-ml\/","title":{"rendered":"RefectoCil 3% Liquid Oxidant 100 ml &#8211; vedel ripsme-ja kulmuv\u00e4rvi vesinik"},"content":{"rendered":"<p>3% vedel vesinik RefectoCil ripsme- ja kulmuv\u00e4rvisarja juurde. Sisaldab vesinikperoksiidi.<\/p>\n<p><strong>Kasutamine:<\/strong> Sega 2 cm v\u00e4rvi 5-10 tilga vesinikuga. V\u00e4ldi silma sattumist. Silma sattumisel loputa koheselt silmi rohke veega. Kasuta kaitsekindaid. Ainult kutsealaseks kasutamiseks.<\/p>\n<p>&nbsp;<\/p>\n<p>&nbsp;<\/p>\n<p>&nbsp;<\/p>\n<p>&nbsp;<\/p>\n","protected":false},"excerpt":{"rendered":"<p>3% vedel vesinik RefectoCil ripsme- ja kulmuv\u00e4rvisarja juurde. Sisaldab vesinikperoksiidi. Kasutamine: Sega 2 cm v\u00e4rvi 5-10 tilga vesinikuga. V\u00e4ldi silma sattumist. Silma sattumisel loputa koheselt silmi rohke veega. Kasuta kaitsekindaid. Ainult kutsealaseks kasutamiseks. &nbsp; &nbsp; &nbsp; &nbsp;<\/p>\n","protected":false},"featured_media":4417,"comment_status":"closed","ping_status":"closed","template":"","meta":[],"product_cat":[717,97,268],"product_tag":[],"class_list":{"0":"post-4416","1":"product","2":"type-product","3":"status-publish","4":"has-post-thumbnail","6":"product_cat-refectocil-2","7":"product_cat-nagu-ja-keha","8":"product_cat-refectocil","10":"first","11":"instock","12":"taxable","13":"shipping-taxable","14":"purchasable","15":"product-type-simple"},"_links":{"self":[{"href":"https:\/\/saxsim.ee\/swp\/wp-json\/wp\/v2\/product\/4416"}],"collection":[{"href":"https:\/\/saxsim.ee\/swp\/wp-json\/wp\/v2\/product"}],"about":[{"href":"https:\/\/saxsim.ee\/swp\/wp-json\/wp\/v2\/types\/product"}],"replies":[{"embeddable":true,"href":"https:\/\/saxsim.ee\/swp\/wp-json\/wp\/v2\/comments?post=4416"}],"wp:featuredmedia":[{"embeddable":true,"href":"https:\/\/saxsim.ee\/swp\/wp-json\/wp\/v2\/media\/4417"}],"wp:attachment":[{"href":"https:\/\/saxsim.ee\/swp\/wp-json\/wp\/v2\/media?parent=4416"}],"wp:term":[{"taxonomy":"product_cat","embeddable":true,"href":"https:\/\/saxsim.ee\/swp\/wp-json\/wp\/v2\/product_cat?post=4416"},{"taxonomy":"product_tag","embeddable":true,"href":"https:\/\/saxsim.ee\/swp\/wp-json\/wp\/v2\/product_tag?post=4416"}],"curies":[{"name":"wp","href":"https:\/\/api.w.org\/{rel}","templated":true}]}}