{"id":4391,"date":"2017-12-27T15:58:23","date_gmt":"2017-12-27T13:58:23","guid":{"rendered":"https:\/\/www.saxsim.ee\/?post_type=product&#038;p=4391"},"modified":"2025-07-31T12:44:50","modified_gmt":"2025-07-31T09:44:50","slug":"cera-deepwaver-lainetangid","status":"publish","type":"product","link":"https:\/\/saxsim.ee\/swp\/product\/cera-deepwaver-lainetangid\/","title":{"rendered":"Cera Deepwaver &#8211; lainetangid"},"content":{"rendered":"<p>Cera Deepwaver v\u00f5imaldab teha k\u00f5igest m\u00f5ne sekundiga v\u00e4ga s\u00fcgavad lainelokid.<\/p>\n<p><strong>Tehnilised andmed:<\/strong><\/p>\n<p>ION tehnoloogia<\/p>\n<p>mittekuumenev ots<\/p>\n<p>keraamilised k\u00fcttekehad<\/p>\n<p>automaatne v\u00e4ljal\u00fclitus 60 min. p\u00e4rast<\/p>\n<p>t\u00f6\u00f6temperatuur \u2013 130\u00b0C &#8211; 230\u00b0C, digitaalselt reguleeritav<\/p>\n<p>turmaliin-keraamilise kattega lainetangid<\/p>\n<p>kaal \u2013 450 g.<\/p>\n<p>p\u00f6\u00f6rlev juhe \u2013 3,0 m<\/p>\n<p>&nbsp;<\/p>\n","protected":false},"excerpt":{"rendered":"<p>Cera Deepwaver v\u00f5imaldab teha k\u00f5igest m\u00f5ne sekundiga v\u00e4ga s\u00fcgavad lainelokid. Tehnilised andmed: ION tehnoloogia mittekuumenev ots keraamilised k\u00fcttekehad automaatne v\u00e4ljal\u00fclitus 60 min. p\u00e4rast t\u00f6\u00f6temperatuur \u2013 130\u00b0C &#8211; 230\u00b0C, digitaalselt reguleeritav turmaliin-keraamilise kattega lainetangid kaal \u2013 450 g. p\u00f6\u00f6rlev juhe \u2013 3,0 m &nbsp;<\/p>\n","protected":false},"featured_media":4394,"comment_status":"closed","ping_status":"closed","template":"","meta":[],"product_cat":[710,401,280,283],"product_tag":[],"class_list":{"0":"post-4391","1":"product","2":"type-product","3":"status-publish","4":"has-post-thumbnail","6":"product_cat-cera-professional","7":"product_cat-juuksuri-tarvikud","8":"product_cat-elektrilised-toovahendid","9":"product_cat-krepp-ja-lainetangid","11":"first","12":"instock","13":"taxable","14":"shipping-taxable","15":"purchasable","16":"product-type-simple"},"_links":{"self":[{"href":"https:\/\/saxsim.ee\/swp\/wp-json\/wp\/v2\/product\/4391"}],"collection":[{"href":"https:\/\/saxsim.ee\/swp\/wp-json\/wp\/v2\/product"}],"about":[{"href":"https:\/\/saxsim.ee\/swp\/wp-json\/wp\/v2\/types\/product"}],"replies":[{"embeddable":true,"href":"https:\/\/saxsim.ee\/swp\/wp-json\/wp\/v2\/comments?post=4391"}],"wp:featuredmedia":[{"embeddable":true,"href":"https:\/\/saxsim.ee\/swp\/wp-json\/wp\/v2\/media\/4394"}],"wp:attachment":[{"href":"https:\/\/saxsim.ee\/swp\/wp-json\/wp\/v2\/media?parent=4391"}],"wp:term":[{"taxonomy":"product_cat","embeddable":true,"href":"https:\/\/saxsim.ee\/swp\/wp-json\/wp\/v2\/product_cat?post=4391"},{"taxonomy":"product_tag","embeddable":true,"href":"https:\/\/saxsim.ee\/swp\/wp-json\/wp\/v2\/product_tag?post=4391"}],"curies":[{"name":"wp","href":"https:\/\/api.w.org\/{rel}","templated":true}]}}