{"id":4378,"date":"2017-12-14T20:21:15","date_gmt":"2017-12-14T18:21:15","guid":{"rendered":"https:\/\/www.saxsim.ee\/?post_type=product&#038;p=4378"},"modified":"2021-10-18T07:18:12","modified_gmt":"2021-10-18T04:18:12","slug":"electric-color-mixer-elektriline-varvi-segisti","status":"publish","type":"product","link":"https:\/\/saxsim.ee\/swp\/product\/electric-color-mixer-elektriline-varvi-segisti\/","title":{"rendered":"Electric Color Mixer &#8211; elektriline v\u00e4rvi segisti"},"content":{"rendered":"<p>S\u00e4\u00e4stke aega ja raha Electric Colour Mixeriga!<br \/>\nT\u00e4nu kolmele\u00a0eelseadistatud programmile, segab Electric Colour Mixer \u00fchtlase v\u00e4rvimassi, samal ajal kui juuksur v\u00f5ib teha midagi muud ja ei pea hingama keemilist v\u00e4rviauru, mis tekib segamise ajal!\u00a0 Segisti ajab v\u00e4rvimassi vahule, mis omakorda v\u00e4hendab materjalide kulu. \u00dcks komplekt sisaldab nelja 400 ml. v\u00e4rvikaussi. Seade on laetav ja seda saab t\u00f6\u00f6kohtade vahel liigutada. Neli\u00a0 kaasasolevat v\u00e4rvipintslit sobivad igat liiki v\u00e4rvisegude jaoks.\u00a0Mikseri p\u00f5hjalikumaks puhastamiseks saab segisti eemaldada.<\/p>\n<p>Komplekt sisaldab:<br \/>\n4*400 ml. v\u00e4rvikaussi<br \/>\n4 v\u00e4rvipintslit<br \/>\n1 segisti<br \/>\n1 laadimisjuhe<\/p>\n<p>&nbsp;<\/p>\n","protected":false},"excerpt":{"rendered":"<p>S\u00e4\u00e4stke aega ja raha Electric Colour Mixeriga! T\u00e4nu kolmele\u00a0eelseadistatud programmile, segab Electric Colour Mixer \u00fchtlase v\u00e4rvimassi, samal ajal kui juuksur v\u00f5ib teha midagi muud ja ei pea hingama keemilist v\u00e4rviauru, mis tekib segamise ajal!\u00a0 Segisti ajab v\u00e4rvimassi vahule, mis omakorda v\u00e4hendab materjalide kulu. \u00dcks komplekt sisaldab nelja 400 ml. v\u00e4rvikaussi. Seade on laetav ja seda [&hellip;]<\/p>\n","protected":false},"featured_media":4379,"comment_status":"closed","ping_status":"closed","template":"","meta":[],"product_cat":[401,176,309],"product_tag":[],"class_list":{"0":"post-4378","1":"product","2":"type-product","3":"status-publish","4":"has-post-thumbnail","6":"product_cat-juuksuri-tarvikud","7":"product_cat-varvitarvikud","8":"product_cat-varvikausid","10":"first","11":"instock","12":"taxable","13":"shipping-taxable","14":"purchasable","15":"product-type-simple"},"_links":{"self":[{"href":"https:\/\/saxsim.ee\/swp\/wp-json\/wp\/v2\/product\/4378"}],"collection":[{"href":"https:\/\/saxsim.ee\/swp\/wp-json\/wp\/v2\/product"}],"about":[{"href":"https:\/\/saxsim.ee\/swp\/wp-json\/wp\/v2\/types\/product"}],"replies":[{"embeddable":true,"href":"https:\/\/saxsim.ee\/swp\/wp-json\/wp\/v2\/comments?post=4378"}],"wp:featuredmedia":[{"embeddable":true,"href":"https:\/\/saxsim.ee\/swp\/wp-json\/wp\/v2\/media\/4379"}],"wp:attachment":[{"href":"https:\/\/saxsim.ee\/swp\/wp-json\/wp\/v2\/media?parent=4378"}],"wp:term":[{"taxonomy":"product_cat","embeddable":true,"href":"https:\/\/saxsim.ee\/swp\/wp-json\/wp\/v2\/product_cat?post=4378"},{"taxonomy":"product_tag","embeddable":true,"href":"https:\/\/saxsim.ee\/swp\/wp-json\/wp\/v2\/product_tag?post=4378"}],"curies":[{"name":"wp","href":"https:\/\/api.w.org\/{rel}","templated":true}]}}