{"id":4335,"date":"2017-12-06T17:51:34","date_gmt":"2017-12-06T15:51:34","guid":{"rendered":"https:\/\/www.saxsim.ee\/?post_type=product&#038;p=4335"},"modified":"2017-12-06T17:57:39","modified_gmt":"2017-12-06T15:57:39","slug":"t-sark-tooroivas","status":"publish","type":"product","link":"https:\/\/saxsim.ee\/swp\/product\/t-sark-tooroivas\/","title":{"rendered":"T-s\u00e4rk &#8211; t\u00f6\u00f6r\u00f5ivas"},"content":{"rendered":"<p>Poolpikkade varrukatega T-s\u00e4rk.<\/p>\n<p>Suurused &#8211; M, L ja XL<\/p>\n<p>Materjal &#8211;<\/p>\n<p>&nbsp;<\/p>\n","protected":false},"excerpt":{"rendered":"<p>Poolpikkade varrukatega T-s\u00e4rk. Suurused &#8211; M, L ja XL Materjal &#8211; &nbsp;<\/p>\n","protected":false},"featured_media":4337,"comment_status":"closed","ping_status":"closed","template":"","meta":[],"product_cat":[577,592,401,297],"product_tag":[],"class_list":{"0":"post-4335","1":"product","2":"type-product","3":"status-publish","4":"has-post-thumbnail","6":"product_cat-iluteenindaja-tarvikud","7":"product_cat-polled-ja-tooroivad-iluteenindajale","8":"product_cat-juuksuri-tarvikud","9":"product_cat-polled-ja-tooroivad","11":"first","12":"instock","13":"taxable","14":"shipping-taxable","15":"purchasable","16":"product-type-simple"},"_links":{"self":[{"href":"https:\/\/saxsim.ee\/swp\/wp-json\/wp\/v2\/product\/4335"}],"collection":[{"href":"https:\/\/saxsim.ee\/swp\/wp-json\/wp\/v2\/product"}],"about":[{"href":"https:\/\/saxsim.ee\/swp\/wp-json\/wp\/v2\/types\/product"}],"replies":[{"embeddable":true,"href":"https:\/\/saxsim.ee\/swp\/wp-json\/wp\/v2\/comments?post=4335"}],"wp:featuredmedia":[{"embeddable":true,"href":"https:\/\/saxsim.ee\/swp\/wp-json\/wp\/v2\/media\/4337"}],"wp:attachment":[{"href":"https:\/\/saxsim.ee\/swp\/wp-json\/wp\/v2\/media?parent=4335"}],"wp:term":[{"taxonomy":"product_cat","embeddable":true,"href":"https:\/\/saxsim.ee\/swp\/wp-json\/wp\/v2\/product_cat?post=4335"},{"taxonomy":"product_tag","embeddable":true,"href":"https:\/\/saxsim.ee\/swp\/wp-json\/wp\/v2\/product_tag?post=4335"}],"curies":[{"name":"wp","href":"https:\/\/api.w.org\/{rel}","templated":true}]}}