{"id":4331,"date":"2017-12-05T21:21:36","date_gmt":"2017-12-05T19:21:36","guid":{"rendered":"https:\/\/www.saxsim.ee\/?post_type=product&#038;p=4331"},"modified":"2025-07-06T10:39:06","modified_gmt":"2025-07-06T07:39:06","slug":"ds-blond-shampoo-250-ml","status":"publish","type":"product","link":"https:\/\/saxsim.ee\/swp\/product\/ds-blond-shampoo-250-ml\/","title":{"rendered":"DS Blond Shampoo 250 ml. \u2013 \u0161ampoon heledatele ja hallidele juustele"},"content":{"rendered":"<p>L\u00f5hnastamata \u0161ampoon heledatele ja hallidele juustele.\u00a0\u0160ampooni rikkalik lillakas pigment neutraliseerib soovimatut kollakat tooni, muutes juuksed loomulikult heledateks. Annab l\u00e4iget ja vol\u00fc\u00fcmi.\u00a0 Toode on v\u00e4ga pigmendirikas, seet\u00f5ttu soovitame kasutada kaitsekindaid. Sisaldab UV-kaitset.<\/p>\n<p><strong><u>Kasutamine:<\/u><\/strong>\u00a0Kanna\u00a0\u0161ampoon niisketesse juustesse, h\u00f5\u00f5ruge kergelt, lase m\u00f5juda 1 &#8211; 5 minutit ja loputa hoolikalt.<\/p>\n<p>pH: 5,0<\/p>\n<p><strong>DS Blond Shampoo on\u00a0dermatoloogiliselt\u00a0testitud tundlikul nahal.<\/strong><\/p>\n<p>DS Blond Shampoo on saadaval ka suurustes 50 ml. ja 1000 ml.<\/p>\n","protected":false},"excerpt":{"rendered":"<p>L\u00f5hnastamata \u0161ampoon heledatele ja hallidele juustele.\u00a0\u0160ampooni rikkalik lillakas pigment neutraliseerib soovimatut kollakat tooni, muutes juuksed loomulikult heledateks. Annab l\u00e4iget ja vol\u00fc\u00fcmi.\u00a0 Toode on v\u00e4ga pigmendirikas, seet\u00f5ttu soovitame kasutada kaitsekindaid. Sisaldab UV-kaitset. Kasutamine:\u00a0Kanna\u00a0\u0161ampoon niisketesse juustesse, h\u00f5\u00f5ruge kergelt, lase m\u00f5juda 1 &#8211; 5 minutit ja loputa hoolikalt. pH: 5,0 DS Blond Shampoo on\u00a0dermatoloogiliselt\u00a0testitud tundlikul nahal. DS Blond [&hellip;]<\/p>\n","protected":false},"featured_media":4442,"comment_status":"closed","ping_status":"closed","template":"","meta":[],"product_cat":[728,395,659],"product_tag":[],"class_list":{"0":"post-4331","1":"product","2":"type-product","3":"status-publish","4":"has-post-thumbnail","6":"product_cat-ds","7":"product_cat-juuksed","8":"product_cat-sampoonid","10":"first","11":"instock","12":"taxable","13":"shipping-taxable","14":"purchasable","15":"product-type-simple"},"_links":{"self":[{"href":"https:\/\/saxsim.ee\/swp\/wp-json\/wp\/v2\/product\/4331"}],"collection":[{"href":"https:\/\/saxsim.ee\/swp\/wp-json\/wp\/v2\/product"}],"about":[{"href":"https:\/\/saxsim.ee\/swp\/wp-json\/wp\/v2\/types\/product"}],"replies":[{"embeddable":true,"href":"https:\/\/saxsim.ee\/swp\/wp-json\/wp\/v2\/comments?post=4331"}],"wp:featuredmedia":[{"embeddable":true,"href":"https:\/\/saxsim.ee\/swp\/wp-json\/wp\/v2\/media\/4442"}],"wp:attachment":[{"href":"https:\/\/saxsim.ee\/swp\/wp-json\/wp\/v2\/media?parent=4331"}],"wp:term":[{"taxonomy":"product_cat","embeddable":true,"href":"https:\/\/saxsim.ee\/swp\/wp-json\/wp\/v2\/product_cat?post=4331"},{"taxonomy":"product_tag","embeddable":true,"href":"https:\/\/saxsim.ee\/swp\/wp-json\/wp\/v2\/product_tag?post=4331"}],"curies":[{"name":"wp","href":"https:\/\/api.w.org\/{rel}","templated":true}]}}