{"id":4291,"date":"2017-11-30T20:19:11","date_gmt":"2017-11-30T18:19:11","guid":{"rendered":"https:\/\/www.saxsim.ee\/?post_type=product&#038;p=4291"},"modified":"2022-05-13T13:15:04","modified_gmt":"2022-05-13T10:15:04","slug":"waco-tinting-cape-lacquer-black-varvilina","status":"publish","type":"product","link":"https:\/\/saxsim.ee\/swp\/product\/waco-tinting-cape-lacquer-black-varvilina\/","title":{"rendered":"Waco Tinting Cape, Lacquer Black &#8211; v\u00e4rvilina"},"content":{"rendered":"<p>Kerge lina, mis sobib v\u00e4rvimiseks, l\u00f5ikusteks ja soengute tegemiseks.<\/p>\n<p>Suurus &#8211; 120*140 cm.<\/p>\n<p>Kinnitus &#8211;\u00a0reguleeritav takjakinnitus<\/p>\n<p>Kaeluse max. \u00fcmberm\u00f5\u00f5t &#8211; \u00a0\u00a0 cm.<\/p>\n<p>Materjal \u2013 veekindel, <span id=\"result_box\" class=\"\" lang=\"et\"><span class=\"\">pol\u00fcuretaankilega lamineeritud ja pol\u00fcestervoodriga<\/span><\/span><\/p>\n<p><strong>Hooldus:<\/strong><\/p>\n<p>masinpesu madalal temperatuuril<\/p>\n<p>kuivatada soovitavalt n\u00f6\u00f6ril. Trummelkuivatus ainult madalatel p\u00f6\u00f6retel!<\/p>\n<p>pesemisel \u00e4rge kunagi kasutage vedelaid valgendusvahendeid!<\/p>\n<p>&nbsp;<\/p>\n","protected":false},"excerpt":{"rendered":"<p>Kerge lina, mis sobib v\u00e4rvimiseks, l\u00f5ikusteks ja soengute tegemiseks. Suurus &#8211; 120*140 cm. Kinnitus &#8211;\u00a0reguleeritav takjakinnitus Kaeluse max. \u00fcmberm\u00f5\u00f5t &#8211; \u00a0\u00a0 cm. Materjal \u2013 veekindel, pol\u00fcuretaankilega lamineeritud ja pol\u00fcestervoodriga Hooldus: masinpesu madalal temperatuuril kuivatada soovitavalt n\u00f6\u00f6ril. Trummelkuivatus ainult madalatel p\u00f6\u00f6retel! pesemisel \u00e4rge kunagi kasutage vedelaid valgendusvahendeid! &nbsp;<\/p>\n","protected":false},"featured_media":4292,"comment_status":"closed","ping_status":"closed","template":"","meta":[],"product_cat":[716,401,296],"product_tag":[],"class_list":{"0":"post-4291","1":"product","2":"type-product","3":"status-publish","4":"has-post-thumbnail","6":"product_cat-wako","7":"product_cat-juuksuri-tarvikud","8":"product_cat-loikus-ja-varvilinad","10":"first","11":"instock","12":"taxable","13":"shipping-taxable","14":"purchasable","15":"product-type-simple"},"_links":{"self":[{"href":"https:\/\/saxsim.ee\/swp\/wp-json\/wp\/v2\/product\/4291"}],"collection":[{"href":"https:\/\/saxsim.ee\/swp\/wp-json\/wp\/v2\/product"}],"about":[{"href":"https:\/\/saxsim.ee\/swp\/wp-json\/wp\/v2\/types\/product"}],"replies":[{"embeddable":true,"href":"https:\/\/saxsim.ee\/swp\/wp-json\/wp\/v2\/comments?post=4291"}],"wp:featuredmedia":[{"embeddable":true,"href":"https:\/\/saxsim.ee\/swp\/wp-json\/wp\/v2\/media\/4292"}],"wp:attachment":[{"href":"https:\/\/saxsim.ee\/swp\/wp-json\/wp\/v2\/media?parent=4291"}],"wp:term":[{"taxonomy":"product_cat","embeddable":true,"href":"https:\/\/saxsim.ee\/swp\/wp-json\/wp\/v2\/product_cat?post=4291"},{"taxonomy":"product_tag","embeddable":true,"href":"https:\/\/saxsim.ee\/swp\/wp-json\/wp\/v2\/product_tag?post=4291"}],"curies":[{"name":"wp","href":"https:\/\/api.w.org\/{rel}","templated":true}]}}