{"id":4254,"date":"2017-11-30T19:24:44","date_gmt":"2017-11-30T17:24:44","guid":{"rendered":"https:\/\/www.saxsim.ee\/?post_type=product&#038;p=4254"},"modified":"2026-03-10T08:26:42","modified_gmt":"2026-03-10T06:26:42","slug":"cordless-clipper-ceox-ii-loikusmasin","status":"publish","type":"product","link":"https:\/\/saxsim.ee\/swp\/product\/cordless-clipper-ceox-ii-loikusmasin\/","title":{"rendered":"Cordless Clipper, Ceox II &#8211; l\u00f5ikusmasin"},"content":{"rendered":"<p>Ceox II on 2-titaanteraga, vaikne, juhtme\/juhtmeta, juuksel\u00f5ikusmasin, mis on m\u00f5eldud ainult ehtsate inimjuuste l\u00f5ikamiseks. L\u00f5ikusmasinal on patendeeritud jahutuss\u00fcsteem, uus Li-Ion akutehnoloogia ja kiirete p\u00f6\u00f6retega mootor. LED idikaatortuled kuvavad aku laetuse taset ja annavad m\u00e4rku, kui aku vajab laadimist.<\/p>\n<p><strong>Tehnilised andmed:<\/strong><\/p>\n<p>Li-Ion aku, 3,7 V, 1300 mAh<\/p>\n<p>akutoitel t\u00f6\u00f6tab \u2013 2,5 h.<\/p>\n<p>aku laadimisaeg \u2013 2 h.<\/p>\n<p>l\u00f5iketera pikkuse reguleerimine (1,0 \u2013 1,9 mm.)<\/p>\n<p>kaal \u2013 200 g.<\/p>\n<p>juhe \u2013 2,4 m.<\/p>\n<p>indikaatortuled\u00a0aku laetusastme kuvamiseks<\/p>\n<p>&nbsp;<\/p>\n<p><strong>Komplektis:<\/strong><\/p>\n<p>2-titaanteraga tera ( laius &#8211; 43 mm. )<\/p>\n<p>4 erinevat l\u00f5ikustalda ( 3 mm.\/6 mm.\/9 mm.\/12 mm. )<\/p>\n<p>toiteadapter<\/p>\n<p>puhastushari<\/p>\n<p>masina\u00f5li<\/p>\n<p><strong>Toode on m\u00f5eldud ainult ehtsate inimjuuste l\u00f5ikamiseks. Juuksel\u00f5ikusmasina kasutamine s\u00fcnteetiliste juuste l\u00f5ikamiseks p\u00f5hjustab t\u00f5rkeid seadme t\u00f6\u00f6s. SaxSim O\u00dc ei vastuta seadme mitteotstarbekohase\u00a0 kasutamise tagaj\u00e4rjel tekkinud rikete eest.<\/strong><\/p>\n<p>&nbsp;<\/p>\n","protected":false},"excerpt":{"rendered":"<p>Ceox II on 2-titaanteraga, vaikne, juhtme\/juhtmeta, juuksel\u00f5ikusmasin, mis on m\u00f5eldud ainult ehtsate inimjuuste l\u00f5ikamiseks. L\u00f5ikusmasinal on patendeeritud jahutuss\u00fcsteem, uus Li-Ion akutehnoloogia ja kiirete p\u00f6\u00f6retega mootor. LED idikaatortuled kuvavad aku laetuse taset ja annavad m\u00e4rku, kui aku vajab laadimist. Tehnilised andmed: Li-Ion aku, 3,7 V, 1300 mAh akutoitel t\u00f6\u00f6tab \u2013 2,5 h. aku laadimisaeg \u2013 2 [&hellip;]<\/p>\n","protected":false},"featured_media":4256,"comment_status":"closed","ping_status":"closed","template":"","meta":[],"product_cat":[401,280,286],"product_tag":[],"class_list":{"0":"post-4254","1":"product","2":"type-product","3":"status-publish","4":"has-post-thumbnail","6":"product_cat-juuksuri-tarvikud","7":"product_cat-elektrilised-toovahendid","8":"product_cat-loikusmasinad-ja-trimmerid","10":"first","11":"instock","12":"taxable","13":"shipping-taxable","14":"purchasable","15":"product-type-simple"},"_links":{"self":[{"href":"https:\/\/saxsim.ee\/swp\/wp-json\/wp\/v2\/product\/4254"}],"collection":[{"href":"https:\/\/saxsim.ee\/swp\/wp-json\/wp\/v2\/product"}],"about":[{"href":"https:\/\/saxsim.ee\/swp\/wp-json\/wp\/v2\/types\/product"}],"replies":[{"embeddable":true,"href":"https:\/\/saxsim.ee\/swp\/wp-json\/wp\/v2\/comments?post=4254"}],"wp:featuredmedia":[{"embeddable":true,"href":"https:\/\/saxsim.ee\/swp\/wp-json\/wp\/v2\/media\/4256"}],"wp:attachment":[{"href":"https:\/\/saxsim.ee\/swp\/wp-json\/wp\/v2\/media?parent=4254"}],"wp:term":[{"taxonomy":"product_cat","embeddable":true,"href":"https:\/\/saxsim.ee\/swp\/wp-json\/wp\/v2\/product_cat?post=4254"},{"taxonomy":"product_tag","embeddable":true,"href":"https:\/\/saxsim.ee\/swp\/wp-json\/wp\/v2\/product_tag?post=4254"}],"curies":[{"name":"wp","href":"https:\/\/api.w.org\/{rel}","templated":true}]}}