{"id":4231,"date":"2017-10-09T21:56:20","date_gmt":"2017-10-09T18:56:20","guid":{"rendered":"https:\/\/www.saxsim.ee\/?post_type=product&#038;p=4231"},"modified":"2026-04-11T15:12:20","modified_gmt":"2026-04-11T12:12:20","slug":"joewell-new-cobalt-55-55","status":"publish","type":"product","link":"https:\/\/saxsim.ee\/swp\/product\/joewell-new-cobalt-55-55\/","title":{"rendered":"Joewell New Cobalt 55 ( 5,5&#8243; ) &#8211; l\u00f5ikusk\u00e4\u00e4rid"},"content":{"rendered":"<p>Joewell New Cobalt l\u00f5ikusk\u00e4\u00e4rid on valmistatud spetsiaalsest, koobaltit sisaldavast sulamist, mis\u00a0teeb materjali oluliselt tugevamaks. K\u00e4\u00e4rid p\u00fcsivad teravatena tunduvalt kauem. K\u00e4\u00e4rid on m\u00f5eldud kuivl\u00f5ikuseks, kuid neid on v\u00f5imalik kasutada ka teiste l\u00f5ikustehnikate puhul.<\/p>\n<p><strong>Eelised:<\/strong>\u00a0pikk eluiga, vajavad harvemini teritamist<br \/>\n<strong>Materjal:<\/strong>\u00a0koobaltit sisaldav\u00a0sulam, mis sisaldab v\u00e4hem niklit (alla 0,6%)<\/p>\n<p><strong>Disainielemendid:<\/strong><br \/>\ns\u00fcmmeetrilise kujuga<br \/>\nlame, s\u00fcvistatud reguleerimiskruvi<br \/>\neemaldatav s\u00f5rmetugi<br \/>\neemaldatavad s\u00f5rmer\u00f5ngad<\/p>\n<p><strong>lisatud:<\/strong><br \/>\nJoewell k\u00e4\u00e4ri\u00f5li &#8211; 1 tk.<br \/>\nJoewell New Cobalt k\u00e4\u00e4re on saadaval 4 erinevas suuruses ( 4,5&#8243;\/5,0&#8243;\/5,5&#8243; ja 6,0&#8243; ).<\/p>\n<p>Tootja &#8211; TOKOSHA CO., LTD, Japan<\/p>\n<p>&nbsp;<\/p>\n","protected":false},"excerpt":{"rendered":"<p>Joewell New Cobalt l\u00f5ikusk\u00e4\u00e4rid on valmistatud spetsiaalsest, koobaltit sisaldavast sulamist, mis\u00a0teeb materjali oluliselt tugevamaks. K\u00e4\u00e4rid p\u00fcsivad teravatena tunduvalt kauem. K\u00e4\u00e4rid on m\u00f5eldud kuivl\u00f5ikuseks, kuid neid on v\u00f5imalik kasutada ka teiste l\u00f5ikustehnikate puhul. Eelised:\u00a0pikk eluiga, vajavad harvemini teritamist Materjal:\u00a0koobaltit sisaldav\u00a0sulam, mis sisaldab v\u00e4hem niklit (alla 0,6%) Disainielemendid: s\u00fcmmeetrilise kujuga lame, s\u00fcvistatud reguleerimiskruvi eemaldatav s\u00f5rmetugi eemaldatavad s\u00f5rmer\u00f5ngad [&hellip;]<\/p>\n","protected":false},"featured_media":4232,"comment_status":"closed","ping_status":"closed","template":"","meta":[],"product_cat":[703,401,174,276],"product_tag":[],"class_list":{"0":"post-4231","1":"product","2":"type-product","3":"status-publish","4":"has-post-thumbnail","6":"product_cat-joewell","7":"product_cat-juuksuri-tarvikud","8":"product_cat-kaarid","9":"product_cat-loikuskaarid","11":"first","12":"instock","13":"taxable","14":"shipping-taxable","15":"purchasable","16":"product-type-simple"},"_links":{"self":[{"href":"https:\/\/saxsim.ee\/swp\/wp-json\/wp\/v2\/product\/4231"}],"collection":[{"href":"https:\/\/saxsim.ee\/swp\/wp-json\/wp\/v2\/product"}],"about":[{"href":"https:\/\/saxsim.ee\/swp\/wp-json\/wp\/v2\/types\/product"}],"replies":[{"embeddable":true,"href":"https:\/\/saxsim.ee\/swp\/wp-json\/wp\/v2\/comments?post=4231"}],"wp:featuredmedia":[{"embeddable":true,"href":"https:\/\/saxsim.ee\/swp\/wp-json\/wp\/v2\/media\/4232"}],"wp:attachment":[{"href":"https:\/\/saxsim.ee\/swp\/wp-json\/wp\/v2\/media?parent=4231"}],"wp:term":[{"taxonomy":"product_cat","embeddable":true,"href":"https:\/\/saxsim.ee\/swp\/wp-json\/wp\/v2\/product_cat?post=4231"},{"taxonomy":"product_tag","embeddable":true,"href":"https:\/\/saxsim.ee\/swp\/wp-json\/wp\/v2\/product_tag?post=4231"}],"curies":[{"name":"wp","href":"https:\/\/api.w.org\/{rel}","templated":true}]}}