{"id":4198,"date":"2017-09-20T17:31:04","date_gmt":"2017-09-20T14:31:04","guid":{"rendered":"https:\/\/www.saxsim.ee\/?post_type=product&#038;p=4198"},"modified":"2025-07-01T10:07:02","modified_gmt":"2025-07-01T07:07:02","slug":"sensido-creative-7-0-bleach-powder-blondeerimispulber-450-g","status":"publish","type":"product","link":"https:\/\/saxsim.ee\/swp\/product\/sensido-creative-7-0-bleach-powder-blondeerimispulber-450-g\/","title":{"rendered":"SensiDO Creative 7.0 Bleach Powder &#8211; blondeerimispulber 450 g."},"content":{"rendered":"<p>L\u00f5hnastamata, savi baasil blondeerimisaine, mis valgendab kuni 7 astet. Sobib k\u00f5ikideks vabak\u00e4e tehnikateks &#8211; Balayage, Flamboyage, Ombre, Sombre v\u00f5i Babylights.\u00a0Mittepaisuv koostis v\u00f5imaldab valgendussegu kiirelt ja t\u00e4pselt kanda juustele,\u00a0salgupabereid ja\u00a0fooliumeid kasutamatta. Valgendussegu ei kuiva valmistamise ja pealekandmise ajal, mis teeb temaga t\u00f6\u00f6tamise kergeks ja meeldivaks.<\/p>\n<p><strong>Segamissuhe:<\/strong><\/p>\n<p>1:2 v\u00f5i 1:3 kasutades ainult SensiDO Creme vesinikke.<\/p>\n<p><strong>M\u00f5juaeg:<\/strong><\/p>\n<p>10 kuni 45 minutit s\u00f5ltuvalt juuste struktuurist, kasutatud\u00a0vesinikust ja soovitud tulemusest. \u00c4rge j\u00e4tke klienti j\u00e4relvalveta ja kontrollige regulaarselt kliendi juuste olukorda. \u00c4rge kasutage kunstlike soojendajaid m\u00f5juaja l\u00fchendamiseks.<\/p>\n<p><strong>\u00c4rge kasutage segu segamiseks metallist segamisn\u00f5ud ega metallist visplit!<\/strong><\/p>\n<p>&nbsp;<\/p>\n<p><strong>Ainult professionaalseks kasutamiseks.<\/strong><\/p>\n<p>&nbsp;<\/p>\n<p>&nbsp;<\/p>\n","protected":false},"excerpt":{"rendered":"<p>L\u00f5hnastamata, savi baasil blondeerimisaine, mis valgendab kuni 7 astet. Sobib k\u00f5ikideks vabak\u00e4e tehnikateks &#8211; Balayage, Flamboyage, Ombre, Sombre v\u00f5i Babylights.\u00a0Mittepaisuv koostis v\u00f5imaldab valgendussegu kiirelt ja t\u00e4pselt kanda juustele,\u00a0salgupabereid ja\u00a0fooliumeid kasutamatta. Valgendussegu ei kuiva valmistamise ja pealekandmise ajal, mis teeb temaga t\u00f6\u00f6tamise kergeks ja meeldivaks. Segamissuhe: 1:2 v\u00f5i 1:3 kasutades ainult SensiDO Creme vesinikke. M\u00f5juaeg: 10 [&hellip;]<\/p>\n","protected":false},"featured_media":4199,"comment_status":"closed","ping_status":"closed","template":"","meta":[],"product_cat":[395,666,247],"product_tag":[637],"class_list":{"0":"post-4198","1":"product","2":"type-product","3":"status-publish","4":"has-post-thumbnail","6":"product_cat-juuksed","7":"product_cat-professionaalseks-kasutamiseks","8":"product_cat-blondeerimisained","9":"product_tag-profitoode","11":"first","12":"instock","13":"taxable","14":"shipping-taxable","15":"purchasable","16":"product-type-simple"},"_links":{"self":[{"href":"https:\/\/saxsim.ee\/swp\/wp-json\/wp\/v2\/product\/4198"}],"collection":[{"href":"https:\/\/saxsim.ee\/swp\/wp-json\/wp\/v2\/product"}],"about":[{"href":"https:\/\/saxsim.ee\/swp\/wp-json\/wp\/v2\/types\/product"}],"replies":[{"embeddable":true,"href":"https:\/\/saxsim.ee\/swp\/wp-json\/wp\/v2\/comments?post=4198"}],"wp:featuredmedia":[{"embeddable":true,"href":"https:\/\/saxsim.ee\/swp\/wp-json\/wp\/v2\/media\/4199"}],"wp:attachment":[{"href":"https:\/\/saxsim.ee\/swp\/wp-json\/wp\/v2\/media?parent=4198"}],"wp:term":[{"taxonomy":"product_cat","embeddable":true,"href":"https:\/\/saxsim.ee\/swp\/wp-json\/wp\/v2\/product_cat?post=4198"},{"taxonomy":"product_tag","embeddable":true,"href":"https:\/\/saxsim.ee\/swp\/wp-json\/wp\/v2\/product_tag?post=4198"}],"curies":[{"name":"wp","href":"https:\/\/api.w.org\/{rel}","templated":true}]}}