{"id":4118,"date":"2017-08-21T23:52:34","date_gmt":"2017-08-21T20:52:34","guid":{"rendered":"https:\/\/www.saxsim.ee\/?post_type=product&#038;p=4118"},"modified":"2024-02-21T10:42:09","modified_gmt":"2024-02-21T08:42:09","slug":"ionic-194-mm-kamm","status":"publish","type":"product","link":"https:\/\/saxsim.ee\/swp\/product\/ionic-194-mm-kamm\/","title":{"rendered":"Ionic 194 mm. &#8211; kamm"},"content":{"rendered":"<p>Kammi koostises olevad spetsiaalsed looduslikud ained eraldavad harjamisel negatiivselt laetud ioone.<br \/>\nNegatiivsed ioonid v\u00e4hendavad juuste elektro-staatilist laadimist, tihendavad juuste struktuuri, annavad juustele terve s\u00e4ra ja muudavad soengu tegemise h\u00f5lpsamaks.<\/p>\n<p>&nbsp;<\/p>\n<p>&nbsp;<\/p>\n","protected":false},"excerpt":{"rendered":"<p>Kammi koostises olevad spetsiaalsed looduslikud ained eraldavad harjamisel negatiivselt laetud ioone. Negatiivsed ioonid v\u00e4hendavad juuste elektro-staatilist laadimist, tihendavad juuste struktuuri, annavad juustele terve s\u00e4ra ja muudavad soengu tegemise h\u00f5lpsamaks. &nbsp; &nbsp;<\/p>\n","protected":false},"featured_media":4119,"comment_status":"closed","ping_status":"closed","template":"","meta":[],"product_cat":[401,173,621],"product_tag":[],"class_list":{"0":"post-4118","1":"product","2":"type-product","3":"status-publish","4":"has-post-thumbnail","6":"product_cat-juuksuri-tarvikud","7":"product_cat-kammid","8":"product_cat-ionic-kammid","10":"first","11":"instock","12":"taxable","13":"shipping-taxable","14":"purchasable","15":"product-type-simple"},"_links":{"self":[{"href":"https:\/\/saxsim.ee\/swp\/wp-json\/wp\/v2\/product\/4118"}],"collection":[{"href":"https:\/\/saxsim.ee\/swp\/wp-json\/wp\/v2\/product"}],"about":[{"href":"https:\/\/saxsim.ee\/swp\/wp-json\/wp\/v2\/types\/product"}],"replies":[{"embeddable":true,"href":"https:\/\/saxsim.ee\/swp\/wp-json\/wp\/v2\/comments?post=4118"}],"wp:featuredmedia":[{"embeddable":true,"href":"https:\/\/saxsim.ee\/swp\/wp-json\/wp\/v2\/media\/4119"}],"wp:attachment":[{"href":"https:\/\/saxsim.ee\/swp\/wp-json\/wp\/v2\/media?parent=4118"}],"wp:term":[{"taxonomy":"product_cat","embeddable":true,"href":"https:\/\/saxsim.ee\/swp\/wp-json\/wp\/v2\/product_cat?post=4118"},{"taxonomy":"product_tag","embeddable":true,"href":"https:\/\/saxsim.ee\/swp\/wp-json\/wp\/v2\/product_tag?post=4118"}],"curies":[{"name":"wp","href":"https:\/\/api.w.org\/{rel}","templated":true}]}}