{"id":4111,"date":"2017-08-21T23:02:12","date_gmt":"2017-08-21T20:02:12","guid":{"rendered":"https:\/\/www.saxsim.ee\/?post_type=product&#038;p=4111"},"modified":"2023-09-16T07:52:28","modified_gmt":"2023-09-16T04:52:28","slug":"trolley-vip-tookaru","status":"publish","type":"product","link":"https:\/\/saxsim.ee\/swp\/product\/trolley-vip-tookaru\/","title":{"rendered":"Trolley, Vip &#8211; t\u00f6\u00f6k\u00e4ru"},"content":{"rendered":"<p>Kummist ratastega, kvaliteetne, 5 sahtliga t\u00f6\u00f6k\u00e4ru.<\/p>\n<p>K\u00f5rgus &#8211; 86,0 cm.<\/p>\n<p>Laius &#8211; 31,0 cm.<\/p>\n<p>S\u00fcgavus &#8211; 37,0 cm.<\/p>\n<p>&nbsp;<\/p>\n","protected":false},"excerpt":{"rendered":"<p>Kummist ratastega, kvaliteetne, 5 sahtliga t\u00f6\u00f6k\u00e4ru. K\u00f5rgus &#8211; 86,0 cm. Laius &#8211; 31,0 cm. S\u00fcgavus &#8211; 37,0 cm. &nbsp;<\/p>\n","protected":false},"featured_media":4112,"comment_status":"closed","ping_status":"closed","template":"","meta":[],"product_cat":[325,334,401],"product_tag":[],"class_list":{"0":"post-4111","1":"product","2":"type-product","3":"status-publish","4":"has-post-thumbnail","6":"product_cat-juuksuri-ja-ilusalongi-sisustus","7":"product_cat-tookarud","8":"product_cat-juuksuri-tarvikud","10":"first","11":"instock","12":"taxable","13":"shipping-taxable","14":"purchasable","15":"product-type-simple"},"_links":{"self":[{"href":"https:\/\/saxsim.ee\/swp\/wp-json\/wp\/v2\/product\/4111"}],"collection":[{"href":"https:\/\/saxsim.ee\/swp\/wp-json\/wp\/v2\/product"}],"about":[{"href":"https:\/\/saxsim.ee\/swp\/wp-json\/wp\/v2\/types\/product"}],"replies":[{"embeddable":true,"href":"https:\/\/saxsim.ee\/swp\/wp-json\/wp\/v2\/comments?post=4111"}],"wp:featuredmedia":[{"embeddable":true,"href":"https:\/\/saxsim.ee\/swp\/wp-json\/wp\/v2\/media\/4112"}],"wp:attachment":[{"href":"https:\/\/saxsim.ee\/swp\/wp-json\/wp\/v2\/media?parent=4111"}],"wp:term":[{"taxonomy":"product_cat","embeddable":true,"href":"https:\/\/saxsim.ee\/swp\/wp-json\/wp\/v2\/product_cat?post=4111"},{"taxonomy":"product_tag","embeddable":true,"href":"https:\/\/saxsim.ee\/swp\/wp-json\/wp\/v2\/product_tag?post=4111"}],"curies":[{"name":"wp","href":"https:\/\/api.w.org\/{rel}","templated":true}]}}