{"id":4107,"date":"2017-08-21T22:39:24","date_gmt":"2017-08-21T19:39:24","guid":{"rendered":"https:\/\/www.saxsim.ee\/?post_type=product&#038;p=4107"},"modified":"2023-01-13T11:42:45","modified_gmt":"2023-01-13T09:42:45","slug":"salon-stool-profi-tootool","status":"publish","type":"product","link":"https:\/\/saxsim.ee\/swp\/product\/salon-stool-profi-tootool\/","title":{"rendered":"Salon Stool, Profi &#8211; t\u00f6\u00f6tool"},"content":{"rendered":"<p>Kvaliteetne sadultool juuksurile v\u00f5i kosmeetikule.<\/p>\n<p>5-haruline alumiiniumjalg,\u00a0\u00f8 50 cm<\/p>\n<p>reguleeritava k\u00f5rgusega ( 54-74 cm. ) gaasipump<\/p>\n<p>kummist rattad<\/p>\n<p>&nbsp;<\/p>\n","protected":false},"excerpt":{"rendered":"<p>Kvaliteetne sadultool juuksurile v\u00f5i kosmeetikule. 5-haruline alumiiniumjalg,\u00a0\u00f8 50 cm reguleeritava k\u00f5rgusega ( 54-74 cm. ) gaasipump kummist rattad &nbsp;<\/p>\n","protected":false},"featured_media":4108,"comment_status":"closed","ping_status":"closed","template":"","meta":[],"product_cat":[325,333,400,589,577,401],"product_tag":[],"class_list":{"0":"post-4107","1":"product","2":"type-product","3":"status-publish","4":"has-post-thumbnail","6":"product_cat-juuksuri-ja-ilusalongi-sisustus","7":"product_cat-tootoolid","8":"product_cat-ilusalongi-sisustus","9":"product_cat-tootoolid-ilusalongi-sisustus","10":"product_cat-iluteenindaja-tarvikud","11":"product_cat-juuksuri-tarvikud","13":"first","14":"instock","15":"taxable","16":"shipping-taxable","17":"purchasable","18":"product-type-simple"},"_links":{"self":[{"href":"https:\/\/saxsim.ee\/swp\/wp-json\/wp\/v2\/product\/4107"}],"collection":[{"href":"https:\/\/saxsim.ee\/swp\/wp-json\/wp\/v2\/product"}],"about":[{"href":"https:\/\/saxsim.ee\/swp\/wp-json\/wp\/v2\/types\/product"}],"replies":[{"embeddable":true,"href":"https:\/\/saxsim.ee\/swp\/wp-json\/wp\/v2\/comments?post=4107"}],"wp:featuredmedia":[{"embeddable":true,"href":"https:\/\/saxsim.ee\/swp\/wp-json\/wp\/v2\/media\/4108"}],"wp:attachment":[{"href":"https:\/\/saxsim.ee\/swp\/wp-json\/wp\/v2\/media?parent=4107"}],"wp:term":[{"taxonomy":"product_cat","embeddable":true,"href":"https:\/\/saxsim.ee\/swp\/wp-json\/wp\/v2\/product_cat?post=4107"},{"taxonomy":"product_tag","embeddable":true,"href":"https:\/\/saxsim.ee\/swp\/wp-json\/wp\/v2\/product_tag?post=4107"}],"curies":[{"name":"wp","href":"https:\/\/api.w.org\/{rel}","templated":true}]}}