{"id":4103,"date":"2017-08-21T22:22:15","date_gmt":"2017-08-21T19:22:15","guid":{"rendered":"https:\/\/www.saxsim.ee\/?post_type=product&#038;p=4103"},"modified":"2023-06-16T09:49:16","modified_gmt":"2023-06-16T06:49:16","slug":"post-depilation-oil-pehmendav-oli-parast-depileerimist-2","status":"publish","type":"product","link":"https:\/\/saxsim.ee\/swp\/product\/post-depilation-oil-pehmendav-oli-parast-depileerimist-2\/","title":{"rendered":"Post Depilation Oil 500 ml. &#8211; pehmendav \u00f5li p\u00e4rast depileerimist"},"content":{"rendered":"<p>Pealepihustatav pehmendav \u00f5li p\u00e4rast depileerimist. Epil`Hair Pro \u00f5li on rikastatud vitamiinidega A ja E, ning pol\u00fck\u00fcllastumata rasvhapetega. \u00d5lil on\u00a0rahustav, taastav ja v\u00e4rskendav toime.<\/p>\n<p>Kasutamine:<\/p>\n<p>Doseeri paar tilka depileeritud alale ja masseeri \u00f5rnalt.<\/p>\n<p>Pakend &#8211; 500 ml.<\/p>\n<p>&nbsp;<\/p>\n","protected":false},"excerpt":{"rendered":"<p>Pealepihustatav pehmendav \u00f5li p\u00e4rast depileerimist. Epil`Hair Pro \u00f5li on rikastatud vitamiinidega A ja E, ning pol\u00fck\u00fcllastumata rasvhapetega. \u00d5lil on\u00a0rahustav, taastav ja v\u00e4rskendav toime. Kasutamine: Doseeri paar tilka depileeritud alale ja masseeri \u00f5rnalt. Pakend &#8211; 500 ml. &nbsp;<\/p>\n","protected":false},"featured_media":4104,"comment_status":"closed","ping_status":"closed","template":"","meta":[],"product_cat":[97,581],"product_tag":[],"class_list":{"0":"post-4103","1":"product","2":"type-product","3":"status-publish","4":"has-post-thumbnail","6":"product_cat-nagu-ja-keha","7":"product_cat-vahajaakide-puhastamiseks","9":"first","10":"instock","11":"taxable","12":"shipping-taxable","13":"purchasable","14":"product-type-simple"},"_links":{"self":[{"href":"https:\/\/saxsim.ee\/swp\/wp-json\/wp\/v2\/product\/4103"}],"collection":[{"href":"https:\/\/saxsim.ee\/swp\/wp-json\/wp\/v2\/product"}],"about":[{"href":"https:\/\/saxsim.ee\/swp\/wp-json\/wp\/v2\/types\/product"}],"replies":[{"embeddable":true,"href":"https:\/\/saxsim.ee\/swp\/wp-json\/wp\/v2\/comments?post=4103"}],"wp:featuredmedia":[{"embeddable":true,"href":"https:\/\/saxsim.ee\/swp\/wp-json\/wp\/v2\/media\/4104"}],"wp:attachment":[{"href":"https:\/\/saxsim.ee\/swp\/wp-json\/wp\/v2\/media?parent=4103"}],"wp:term":[{"taxonomy":"product_cat","embeddable":true,"href":"https:\/\/saxsim.ee\/swp\/wp-json\/wp\/v2\/product_cat?post=4103"},{"taxonomy":"product_tag","embeddable":true,"href":"https:\/\/saxsim.ee\/swp\/wp-json\/wp\/v2\/product_tag?post=4103"}],"curies":[{"name":"wp","href":"https:\/\/api.w.org\/{rel}","templated":true}]}}