{"id":4099,"date":"2017-08-21T21:47:29","date_gmt":"2017-08-21T18:47:29","guid":{"rendered":"https:\/\/www.saxsim.ee\/?post_type=product&#038;p=4099"},"modified":"2018-09-10T09:07:24","modified_gmt":"2018-09-10T06:07:24","slug":"clean-all-skai-500-ml-kunstnahast-moobli-puhastusvahend","status":"publish","type":"product","link":"https:\/\/saxsim.ee\/swp\/product\/clean-all-skai-500-ml-kunstnahast-moobli-puhastusvahend\/","title":{"rendered":"Clean All, Skai 500 ml. &#8211; kunstnahast m\u00f6\u00f6bli puhastusvahend"},"content":{"rendered":"<p>L\u00f5hnastatud antistaatiline puhastusvahend Clean All Skai on toolide puhastusvahend, mis on m\u00f5eldud kasutamiseks juuksurisalongides. See lahustab ja eemaldab vaigu ning rasva, mis j\u00e4\u00e4b alles p\u00e4rast juuksestiliseerimistoodete kasutamist. Clean All Skai taastab toolipolstrite originaalv\u00e4rvi ja j\u00e4tab neile kaitsekihi, millel on meeldiv laimiaroom.<\/p>\n<p><strong><u>Kasutamine:<\/u><\/strong> Pihustage, puhastage ja p\u00fchkige puhta lapiga \u00fcle.<\/p>\n<p><strong>T\u00c4HELEPANU! <\/strong>P\u00f5hjustab tugevat silmade \u00e4rritust. Kandke kaitsekindaid, -r\u00f5ivastust, -prille ja -maski. SILMA SATTUMISE KORRAL: loputage mitme minuti jooksul ettevaatlikult veega. Eemaldage kontaktl\u00e4\u00e4tsed, kui neid kasutatakse ja kui neid on kerge eemaldada. Loputage veelkord veega. Kui silmade \u00e4rritus ei m\u00f6\u00f6du: p\u00f6\u00f6rduge arsti poole. Hoida lastele k\u00e4ttesaamatus kohas.<\/p>\n<p><u>Koostis:<\/u> &lt; 5% anioonsed pindaktiivsed ained, &lt; 5% mitteioonsed pindaktiivsed ained, &lt; 5% EDTA ja selle soolad, l\u00f5hnaine.<\/p>\n<p><u>S\u00e4ilitusained:<\/u> methylisothiazolinone, benzisothiazolinone.<\/p>\n<p>Sisaldab Limoneeni. V\u00f5ib p\u00f5hjustada allergilisi reaktsioone.<\/p>\n<p>&nbsp;<\/p>\n","protected":false},"excerpt":{"rendered":"<p>L\u00f5hnastatud antistaatiline puhastusvahend Clean All Skai on toolide puhastusvahend, mis on m\u00f5eldud kasutamiseks juuksurisalongides. See lahustab ja eemaldab vaigu ning rasva, mis j\u00e4\u00e4b alles p\u00e4rast juuksestiliseerimistoodete kasutamist. Clean All Skai taastab toolipolstrite originaalv\u00e4rvi ja j\u00e4tab neile kaitsekihi, millel on meeldiv laimiaroom. Kasutamine: Pihustage, puhastage ja p\u00fchkige puhta lapiga \u00fcle. T\u00c4HELEPANU! P\u00f5hjustab tugevat silmade \u00e4rritust. Kandke [&hellip;]<\/p>\n","protected":false},"featured_media":4100,"comment_status":"closed","ping_status":"closed","template":"","meta":[],"product_cat":[600,401,599],"product_tag":[],"class_list":{"0":"post-4099","1":"product","2":"type-product","3":"status-publish","4":"has-post-thumbnail","6":"product_cat-puhastus-ja-desinfektsioonivahendid-iluteenindaja-tarvikud","7":"product_cat-juuksuri-tarvikud","8":"product_cat-puhastus-ja-desinfektsioonivahendid","10":"first","11":"instock","12":"taxable","13":"shipping-taxable","14":"purchasable","15":"product-type-simple"},"_links":{"self":[{"href":"https:\/\/saxsim.ee\/swp\/wp-json\/wp\/v2\/product\/4099"}],"collection":[{"href":"https:\/\/saxsim.ee\/swp\/wp-json\/wp\/v2\/product"}],"about":[{"href":"https:\/\/saxsim.ee\/swp\/wp-json\/wp\/v2\/types\/product"}],"replies":[{"embeddable":true,"href":"https:\/\/saxsim.ee\/swp\/wp-json\/wp\/v2\/comments?post=4099"}],"wp:featuredmedia":[{"embeddable":true,"href":"https:\/\/saxsim.ee\/swp\/wp-json\/wp\/v2\/media\/4100"}],"wp:attachment":[{"href":"https:\/\/saxsim.ee\/swp\/wp-json\/wp\/v2\/media?parent=4099"}],"wp:term":[{"taxonomy":"product_cat","embeddable":true,"href":"https:\/\/saxsim.ee\/swp\/wp-json\/wp\/v2\/product_cat?post=4099"},{"taxonomy":"product_tag","embeddable":true,"href":"https:\/\/saxsim.ee\/swp\/wp-json\/wp\/v2\/product_tag?post=4099"}],"curies":[{"name":"wp","href":"https:\/\/api.w.org\/{rel}","templated":true}]}}