{"id":4097,"date":"2017-08-21T21:31:08","date_gmt":"2017-08-21T18:31:08","guid":{"rendered":"https:\/\/www.saxsim.ee\/?post_type=product&#038;p=4097"},"modified":"2018-09-10T09:08:30","modified_gmt":"2018-09-10T06:08:30","slug":"clean-all-floor-5000-ml-porandapuhastusvahend","status":"publish","type":"product","link":"https:\/\/saxsim.ee\/swp\/product\/clean-all-floor-5000-ml-porandapuhastusvahend\/","title":{"rendered":"Clean All, Floor 5000 ml. &#8211; p\u00f5randapuhastusvahend"},"content":{"rendered":"<p>Spetsiaalselt juuksuri- ja ilusalongidele m\u00f5eldud, plaaditud p\u00f5randate\u00a0puhastusvahend, mida ei ole vaja loputada. Clean All Floor lahustab t\u00e4ielikult soenguvahendite pihustamisest tekkinud vaigu- ja rasvaj\u00e4\u00e4gid. Puhastab ja j\u00e4tab p\u00f5randale meeldiva laimil\u00f5hnalise kaitsekihi. Sobib igap\u00e4evaseks kasutamiseks.<\/p>\n<p><strong><u>Kasutamine:<\/u><\/strong> Lahjendada leiges vees 2% lahuseks. Puhastage ja j\u00e4tke kuivama.<\/p>\n<p><strong>T\u00c4HELEPANU!<\/strong> Tuleohtlik vedelik ja aur. P\u00f5hjustab tugevat silmade \u00e4rritust. Hoida lastele k\u00e4ttesaamatus kohas. Hoidke eemal kuumusest, kuumenevatest pindadest, s\u00e4demetest, lahtisest leegist ja teistest s\u00fcttivatest ainetest. Mitte suitsetada. Hoidke pakend tihedalt suletuna. Kandke kaitsekindaid. SILMA SATTUMISE KORRAL: loputage mitme minuti jooksul ettevaatlikult veega. Eemaldage kontaktl\u00e4\u00e4tsed, kui neid kasutatakse ja kui neid on kerge eemaldada. Loputage veelkord veega. Kui silmade \u00e4rritus ei m\u00f6\u00f6du: p\u00f6\u00f6rduge arsti poole.<\/p>\n<p><u>Koostis:<\/u> sisaldab TSITRAALI, &lt; 5% mitteioonsed ja katioonseid pindaktiivseid aineid, l\u00f5hnaine.<\/p>\n<p>V\u00f5ib p\u00f5hjustada allergilisi reaktsioone.<\/p>\n<p>&nbsp;<\/p>\n<p>&nbsp;<\/p>\n<p>&nbsp;<\/p>\n","protected":false},"excerpt":{"rendered":"<p>Spetsiaalselt juuksuri- ja ilusalongidele m\u00f5eldud, plaaditud p\u00f5randate\u00a0puhastusvahend, mida ei ole vaja loputada. Clean All Floor lahustab t\u00e4ielikult soenguvahendite pihustamisest tekkinud vaigu- ja rasvaj\u00e4\u00e4gid. Puhastab ja j\u00e4tab p\u00f5randale meeldiva laimil\u00f5hnalise kaitsekihi. Sobib igap\u00e4evaseks kasutamiseks. Kasutamine: Lahjendada leiges vees 2% lahuseks. Puhastage ja j\u00e4tke kuivama. T\u00c4HELEPANU! Tuleohtlik vedelik ja aur. P\u00f5hjustab tugevat silmade \u00e4rritust. Hoida lastele k\u00e4ttesaamatus [&hellip;]<\/p>\n","protected":false},"featured_media":4098,"comment_status":"closed","ping_status":"closed","template":"","meta":[],"product_cat":[600,401,599],"product_tag":[],"class_list":{"0":"post-4097","1":"product","2":"type-product","3":"status-publish","4":"has-post-thumbnail","6":"product_cat-puhastus-ja-desinfektsioonivahendid-iluteenindaja-tarvikud","7":"product_cat-juuksuri-tarvikud","8":"product_cat-puhastus-ja-desinfektsioonivahendid","10":"first","11":"instock","12":"taxable","13":"shipping-taxable","14":"purchasable","15":"product-type-simple"},"_links":{"self":[{"href":"https:\/\/saxsim.ee\/swp\/wp-json\/wp\/v2\/product\/4097"}],"collection":[{"href":"https:\/\/saxsim.ee\/swp\/wp-json\/wp\/v2\/product"}],"about":[{"href":"https:\/\/saxsim.ee\/swp\/wp-json\/wp\/v2\/types\/product"}],"replies":[{"embeddable":true,"href":"https:\/\/saxsim.ee\/swp\/wp-json\/wp\/v2\/comments?post=4097"}],"wp:featuredmedia":[{"embeddable":true,"href":"https:\/\/saxsim.ee\/swp\/wp-json\/wp\/v2\/media\/4098"}],"wp:attachment":[{"href":"https:\/\/saxsim.ee\/swp\/wp-json\/wp\/v2\/media?parent=4097"}],"wp:term":[{"taxonomy":"product_cat","embeddable":true,"href":"https:\/\/saxsim.ee\/swp\/wp-json\/wp\/v2\/product_cat?post=4097"},{"taxonomy":"product_tag","embeddable":true,"href":"https:\/\/saxsim.ee\/swp\/wp-json\/wp\/v2\/product_tag?post=4097"}],"curies":[{"name":"wp","href":"https:\/\/api.w.org\/{rel}","templated":true}]}}