{"id":4085,"date":"2017-08-21T20:20:28","date_gmt":"2017-08-21T17:20:28","guid":{"rendered":"https:\/\/www.saxsim.ee\/?post_type=product&#038;p=4085"},"modified":"2020-10-22T09:45:18","modified_gmt":"2020-10-22T06:45:18","slug":"mannequin-head-jessica-35-50-cm-treeningpea","status":"publish","type":"product","link":"https:\/\/saxsim.ee\/swp\/product\/mannequin-head-jessica-35-50-cm-treeningpea\/","title":{"rendered":"Mannequin Head, Jessica 35-50 cm. &#8211; treeningpea"},"content":{"rendered":"<p>S\u00fcnteetilistest valkkiududest valmistatud uue p\u00f5lvkonna juuksed. V\u00e4ga sobiv treeningpea \u00f5ige juuksuritehnika \u00f5ppimiseks. Neid s\u00fcnteetilisi juukseid v\u00f5ib t\u00f6\u00f6delda kuni 120\u00b0C kuumade t\u00f6\u00f6riistadega ( sirgendada, koolutada, laineid teha\u2026 ).<\/p>\n<p>Naine, blond.<br \/>\nJuuste tihedus:<br \/>\n360 &#8211; 390 juuksekarva\/cm\u00b2<\/p>\n<p>&nbsp;<\/p>\n","protected":false},"excerpt":{"rendered":"<p>S\u00fcnteetilistest valkkiududest valmistatud uue p\u00f5lvkonna juuksed. V\u00e4ga sobiv treeningpea \u00f5ige juuksuritehnika \u00f5ppimiseks. Neid s\u00fcnteetilisi juukseid v\u00f5ib t\u00f6\u00f6delda kuni 120\u00b0C kuumade t\u00f6\u00f6riistadega ( sirgendada, koolutada, laineid teha\u2026 ). Naine, blond. Juuste tihedus: 360 &#8211; 390 juuksekarva\/cm\u00b2 &nbsp;<\/p>\n","protected":false},"featured_media":4088,"comment_status":"closed","ping_status":"closed","template":"","meta":[],"product_cat":[401,323],"product_tag":[],"class_list":{"0":"post-4085","1":"product","2":"type-product","3":"status-publish","4":"has-post-thumbnail","6":"product_cat-juuksuri-tarvikud","7":"product_cat-treeningpead-ja-statiivid","9":"first","10":"instock","11":"taxable","12":"shipping-taxable","13":"purchasable","14":"product-type-simple"},"_links":{"self":[{"href":"https:\/\/saxsim.ee\/swp\/wp-json\/wp\/v2\/product\/4085"}],"collection":[{"href":"https:\/\/saxsim.ee\/swp\/wp-json\/wp\/v2\/product"}],"about":[{"href":"https:\/\/saxsim.ee\/swp\/wp-json\/wp\/v2\/types\/product"}],"replies":[{"embeddable":true,"href":"https:\/\/saxsim.ee\/swp\/wp-json\/wp\/v2\/comments?post=4085"}],"wp:featuredmedia":[{"embeddable":true,"href":"https:\/\/saxsim.ee\/swp\/wp-json\/wp\/v2\/media\/4088"}],"wp:attachment":[{"href":"https:\/\/saxsim.ee\/swp\/wp-json\/wp\/v2\/media?parent=4085"}],"wp:term":[{"taxonomy":"product_cat","embeddable":true,"href":"https:\/\/saxsim.ee\/swp\/wp-json\/wp\/v2\/product_cat?post=4085"},{"taxonomy":"product_tag","embeddable":true,"href":"https:\/\/saxsim.ee\/swp\/wp-json\/wp\/v2\/product_tag?post=4085"}],"curies":[{"name":"wp","href":"https:\/\/api.w.org\/{rel}","templated":true}]}}