{"id":3920,"date":"2017-06-12T14:00:26","date_gmt":"2017-06-12T11:00:26","guid":{"rendered":"https:\/\/www.saxsim.ee\/?post_type=product&#038;p=3920"},"modified":"2024-02-04T10:31:34","modified_gmt":"2024-02-04T08:31:34","slug":"shaving-knife-juukseloikusnuga","status":"publish","type":"product","link":"https:\/\/saxsim.ee\/swp\/product\/shaving-knife-juukseloikusnuga\/","title":{"rendered":"Shaving Knife &#8211; juuksel\u00f5ikusnuga"},"content":{"rendered":"<p>Lahtik\u00e4iv juuksel\u00f5ikusnuga + 10 \u017eiletitera.<\/p>\n<p>\u017diletiterad tuleb murda pooleks.<\/p>\n<p>\u017diletiterad on eraldi m\u00fc\u00fcgis.<\/p>\n<p>&nbsp;<\/p>\n","protected":false},"excerpt":{"rendered":"<p>Lahtik\u00e4iv juuksel\u00f5ikusnuga + 10 \u017eiletitera. \u017diletiterad tuleb murda pooleks. \u017diletiterad on eraldi m\u00fc\u00fcgis. &nbsp;<\/p>\n","protected":false},"featured_media":3921,"comment_status":"closed","ping_status":"closed","template":"","meta":[],"product_cat":[401,337],"product_tag":[],"class_list":{"0":"post-3920","1":"product","2":"type-product","3":"status-publish","4":"has-post-thumbnail","6":"product_cat-juuksuri-tarvikud","7":"product_cat-loikusnoad-ja-noaterad","9":"first","10":"instock","11":"taxable","12":"shipping-taxable","13":"purchasable","14":"product-type-simple"},"_links":{"self":[{"href":"https:\/\/saxsim.ee\/swp\/wp-json\/wp\/v2\/product\/3920"}],"collection":[{"href":"https:\/\/saxsim.ee\/swp\/wp-json\/wp\/v2\/product"}],"about":[{"href":"https:\/\/saxsim.ee\/swp\/wp-json\/wp\/v2\/types\/product"}],"replies":[{"embeddable":true,"href":"https:\/\/saxsim.ee\/swp\/wp-json\/wp\/v2\/comments?post=3920"}],"wp:featuredmedia":[{"embeddable":true,"href":"https:\/\/saxsim.ee\/swp\/wp-json\/wp\/v2\/media\/3921"}],"wp:attachment":[{"href":"https:\/\/saxsim.ee\/swp\/wp-json\/wp\/v2\/media?parent=3920"}],"wp:term":[{"taxonomy":"product_cat","embeddable":true,"href":"https:\/\/saxsim.ee\/swp\/wp-json\/wp\/v2\/product_cat?post=3920"},{"taxonomy":"product_tag","embeddable":true,"href":"https:\/\/saxsim.ee\/swp\/wp-json\/wp\/v2\/product_tag?post=3920"}],"curies":[{"name":"wp","href":"https:\/\/api.w.org\/{rel}","templated":true}]}}