{"id":3886,"date":"2017-06-05T20:05:50","date_gmt":"2017-06-05T17:05:50","guid":{"rendered":"https:\/\/www.saxsim.ee\/?post_type=product&#038;p=3886"},"modified":"2017-06-05T20:16:46","modified_gmt":"2017-06-05T17:16:46","slug":"disposable-bag-for-footbath-pedikuuri-jalavanni-kilekotid","status":"publish","type":"product","link":"https:\/\/saxsim.ee\/swp\/product\/disposable-bag-for-footbath-pedikuuri-jalavanni-kilekotid\/","title":{"rendered":"Disposable Bag For Footbath &#8211; pedik\u00fc\u00fcri jalavanni kilekotid"},"content":{"rendered":"<p>\u00dchekordsed pedik\u00fc\u00fcri jalavanni kilekotid.<\/p>\n<p>Suurus &#8211;\u00a049&#215;46+16 cm.<\/p>\n<p>Pakis &#8211;\u00a0100 tk.<\/p>\n<p>&nbsp;<\/p>\n<p>&nbsp;<\/p>\n<p>&nbsp;<\/p>\n<p>&nbsp;<\/p>\n","protected":false},"excerpt":{"rendered":"<p>\u00dchekordsed pedik\u00fc\u00fcri jalavanni kilekotid. Suurus &#8211;\u00a049&#215;46+16 cm. Pakis &#8211;\u00a0100 tk. &nbsp; &nbsp; &nbsp; &nbsp;<\/p>\n","protected":false},"featured_media":3887,"comment_status":"closed","ping_status":"closed","template":"","meta":[],"product_cat":[577,583],"product_tag":[],"class_list":{"0":"post-3886","1":"product","2":"type-product","3":"status-publish","4":"has-post-thumbnail","6":"product_cat-iluteenindaja-tarvikud","7":"product_cat-uhekordsed-tooted-iluteenindaja-tarvikud","9":"first","10":"instock","11":"taxable","12":"shipping-taxable","13":"purchasable","14":"product-type-simple"},"_links":{"self":[{"href":"https:\/\/saxsim.ee\/swp\/wp-json\/wp\/v2\/product\/3886"}],"collection":[{"href":"https:\/\/saxsim.ee\/swp\/wp-json\/wp\/v2\/product"}],"about":[{"href":"https:\/\/saxsim.ee\/swp\/wp-json\/wp\/v2\/types\/product"}],"replies":[{"embeddable":true,"href":"https:\/\/saxsim.ee\/swp\/wp-json\/wp\/v2\/comments?post=3886"}],"wp:featuredmedia":[{"embeddable":true,"href":"https:\/\/saxsim.ee\/swp\/wp-json\/wp\/v2\/media\/3887"}],"wp:attachment":[{"href":"https:\/\/saxsim.ee\/swp\/wp-json\/wp\/v2\/media?parent=3886"}],"wp:term":[{"taxonomy":"product_cat","embeddable":true,"href":"https:\/\/saxsim.ee\/swp\/wp-json\/wp\/v2\/product_cat?post=3886"},{"taxonomy":"product_tag","embeddable":true,"href":"https:\/\/saxsim.ee\/swp\/wp-json\/wp\/v2\/product_tag?post=3886"}],"curies":[{"name":"wp","href":"https:\/\/api.w.org\/{rel}","templated":true}]}}