{"id":3779,"date":"2017-05-29T11:07:20","date_gmt":"2017-05-29T08:07:20","guid":{"rendered":"https:\/\/www.saxsim.ee\/?post_type=product&#038;p=3779"},"modified":"2025-07-04T07:46:50","modified_gmt":"2025-07-04T04:46:50","slug":"99-46-sensido-3-in-one-cream-color-juuksevarv-professionaalidele","status":"publish","type":"product","link":"https:\/\/saxsim.ee\/swp\/product\/99-46-sensido-3-in-one-cream-color-juuksevarv-professionaalidele\/","title":{"rendered":"99\/46 SensiDO 3 In One Cream Color \u2013 juuksev\u00e4rv professionaalidele"},"content":{"rendered":"<p><b>99\/46 Intensive Red<\/b><\/p>\n<p><span class=\"VIiyi\" lang=\"et\"> <span class=\"JLqJ4b ChMk0b\">SensiDO Metallic 99\/ seeria v\u00f5imaldab heledates juustes kiiresti saavutada unikaalseid pastelseid toone v\u00f5i t\u00e4ielikult katta nad s\u00fcgava metalliktooniga. <\/span><span class=\"JLqJ4b ChMk0b\">Katab suurep\u00e4raselt ja \u00fchtlustab l\u00f5pptulemust.<\/span> <span class=\"JLqJ4b ChMk0b\">Olenevalt v\u00e4rvi m\u00f5juajast, saab v\u00e4rvida pastelseid toone v\u00f5i s\u00fcgavaid metalliktoone.<\/span><\/span><\/p>\n<ul>\n<li>Metallik v\u00f5i pastelsed toonid heledatesse juustesse<\/li>\n<li>Kasutatakse heledate juuste v\u00e4rvimiseks ( <span class=\"VIiyi\" lang=\"et\"><span class=\"JLqJ4b ChMk0b\">mitte tumedam kui 8. tumedusaste )<\/span><\/span><\/li>\n<li><span class=\"VIiyi\" lang=\"et\"><span class=\"JLqJ4b ChMk0b\">V\u00e4lja t\u00f6\u00f6tatud 9. tumedusastme baasil<br \/>\n<\/span><\/span><\/li>\n<li><span class=\"VIiyi\" lang=\"et\"><span class=\"JLqJ4b ChMk0b\">Suurep\u00e4rane katvus<\/span><\/span><\/li>\n<li>M\u00f5juaeg 1-30 min.<\/li>\n<li>99\/ seeria v\u00e4rvid ei helenda juukseid<\/li>\n<li><span class=\"VIiyi\" lang=\"et\"><span class=\"JLqJ4b ChMk0b\">V\u00f5ib segada teiste SensiDO v\u00e4rvidega<\/span><\/span><\/li>\n<li><span class=\"VIiyi\" lang=\"et\"><span class=\"JLqJ4b ChMk0b\">Lihtne segada ja peale kanda<\/span><\/span><\/li>\n<li><span class=\"VIiyi\" lang=\"et\"><span class=\"JLqJ4b ChMk0b\">Parf\u00fc\u00fcmivaba ja vegan<\/span><\/span><\/li>\n<\/ul>\n<p>&nbsp;<\/p>\n","protected":false},"excerpt":{"rendered":"<p>99\/46 Intensive Red SensiDO Metallic 99\/ seeria v\u00f5imaldab heledates juustes kiiresti saavutada unikaalseid pastelseid toone v\u00f5i t\u00e4ielikult katta nad s\u00fcgava metalliktooniga. Katab suurep\u00e4raselt ja \u00fchtlustab l\u00f5pptulemust. Olenevalt v\u00e4rvi m\u00f5juajast, saab v\u00e4rvida pastelseid toone v\u00f5i s\u00fcgavaid metalliktoone. Metallik v\u00f5i pastelsed toonid heledatesse juustesse Kasutatakse heledate juuste v\u00e4rvimiseks ( mitte tumedam kui 8. tumedusaste ) V\u00e4lja t\u00f6\u00f6tatud [&hellip;]<\/p>\n","protected":false},"featured_media":9592,"comment_status":"closed","ping_status":"closed","template":"","meta":[],"product_cat":[395,666,95,390,393],"product_tag":[637],"class_list":{"0":"post-3779","1":"product","2":"type-product","3":"status-publish","4":"has-post-thumbnail","6":"product_cat-juuksed","7":"product_cat-professionaalseks-kasutamiseks","8":"product_cat-sensido-juuksevarvid","9":"product_cat-sensido-cream-color-3-in-1","10":"product_cat-artist-metallic-colors","11":"product_tag-profitoode","13":"first","14":"instock","15":"taxable","16":"shipping-taxable","17":"purchasable","18":"product-type-simple"},"_links":{"self":[{"href":"https:\/\/saxsim.ee\/swp\/wp-json\/wp\/v2\/product\/3779"}],"collection":[{"href":"https:\/\/saxsim.ee\/swp\/wp-json\/wp\/v2\/product"}],"about":[{"href":"https:\/\/saxsim.ee\/swp\/wp-json\/wp\/v2\/types\/product"}],"replies":[{"embeddable":true,"href":"https:\/\/saxsim.ee\/swp\/wp-json\/wp\/v2\/comments?post=3779"}],"wp:featuredmedia":[{"embeddable":true,"href":"https:\/\/saxsim.ee\/swp\/wp-json\/wp\/v2\/media\/9592"}],"wp:attachment":[{"href":"https:\/\/saxsim.ee\/swp\/wp-json\/wp\/v2\/media?parent=3779"}],"wp:term":[{"taxonomy":"product_cat","embeddable":true,"href":"https:\/\/saxsim.ee\/swp\/wp-json\/wp\/v2\/product_cat?post=3779"},{"taxonomy":"product_tag","embeddable":true,"href":"https:\/\/saxsim.ee\/swp\/wp-json\/wp\/v2\/product_tag?post=3779"}],"curies":[{"name":"wp","href":"https:\/\/api.w.org\/{rel}","templated":true}]}}