{"id":3752,"date":"2017-05-25T17:33:44","date_gmt":"2017-05-25T14:33:44","guid":{"rendered":"https:\/\/www.saxsim.ee\/?post_type=product&#038;p=3752"},"modified":"2024-01-05T11:12:02","modified_gmt":"2024-01-05T09:12:02","slug":"sensido-color-mass-thickener-100-ml-varvimassi-paksendaja","status":"publish","type":"product","link":"https:\/\/saxsim.ee\/swp\/product\/sensido-color-mass-thickener-100-ml-varvimassi-paksendaja\/","title":{"rendered":"SensiDO Color Mass Thickener 100 ml &#8211; v\u00e4rvimassi paksendaja"},"content":{"rendered":"<p>L\u00f5hnastamatta, vedel v\u00e4rvipaksendaja. Teeb valmis v\u00e4rvimassi paksemaks ning kergemini kasutatavaks. SensiDO Color Mass Thickener v\u00f5imaldab saada ideaalse v\u00e4rvimassi, \u00a0millega on lihtne teostada erinevaid v\u00e4rvimistehnikaid ( nt. balayage tehnika, triibutamine ilma fooliumita jne. ).<\/p>\n<p><span class=\"label label-primary\">Perfume free<\/span> \/ <span class=\"label label-primary\">Colorant free<\/span><\/p>\n<p><strong>Kasutamine:<\/strong>\u00a0Soovitud paksusega (viskoossusega) v\u00e4rvimassi saamiseks lisatakse 1 g paksendajat 50 g v\u00e4rvimassi hulka\u00a0ja segatakse hoolikalt.<\/p>\n<p>&nbsp;<\/p>\n","protected":false},"excerpt":{"rendered":"<p>L\u00f5hnastamatta, vedel v\u00e4rvipaksendaja. Teeb valmis v\u00e4rvimassi paksemaks ning kergemini kasutatavaks. SensiDO Color Mass Thickener v\u00f5imaldab saada ideaalse v\u00e4rvimassi, \u00a0millega on lihtne teostada erinevaid v\u00e4rvimistehnikaid ( nt. balayage tehnika, triibutamine ilma fooliumita jne. ). Perfume free \/ Colorant free Kasutamine:\u00a0Soovitud paksusega (viskoossusega) v\u00e4rvimassi saamiseks lisatakse 1 g paksendajat 50 g v\u00e4rvimassi hulka\u00a0ja segatakse hoolikalt. &nbsp;<\/p>\n","protected":false},"featured_media":3753,"comment_status":"closed","ping_status":"closed","template":"","meta":[],"product_cat":[395,246],"product_tag":[637],"class_list":{"0":"post-3752","1":"product","2":"type-product","3":"status-publish","4":"has-post-thumbnail","6":"product_cat-juuksed","7":"product_cat-sensido-lisatooted","8":"product_tag-profitoode","10":"first","11":"instock","12":"taxable","13":"shipping-taxable","14":"purchasable","15":"product-type-simple"},"_links":{"self":[{"href":"https:\/\/saxsim.ee\/swp\/wp-json\/wp\/v2\/product\/3752"}],"collection":[{"href":"https:\/\/saxsim.ee\/swp\/wp-json\/wp\/v2\/product"}],"about":[{"href":"https:\/\/saxsim.ee\/swp\/wp-json\/wp\/v2\/types\/product"}],"replies":[{"embeddable":true,"href":"https:\/\/saxsim.ee\/swp\/wp-json\/wp\/v2\/comments?post=3752"}],"wp:featuredmedia":[{"embeddable":true,"href":"https:\/\/saxsim.ee\/swp\/wp-json\/wp\/v2\/media\/3753"}],"wp:attachment":[{"href":"https:\/\/saxsim.ee\/swp\/wp-json\/wp\/v2\/media?parent=3752"}],"wp:term":[{"taxonomy":"product_cat","embeddable":true,"href":"https:\/\/saxsim.ee\/swp\/wp-json\/wp\/v2\/product_cat?post=3752"},{"taxonomy":"product_tag","embeddable":true,"href":"https:\/\/saxsim.ee\/swp\/wp-json\/wp\/v2\/product_tag?post=3752"}],"curies":[{"name":"wp","href":"https:\/\/api.w.org\/{rel}","templated":true}]}}