{"id":3750,"date":"2017-05-25T17:30:23","date_gmt":"2017-05-25T14:30:23","guid":{"rendered":"https:\/\/www.saxsim.ee\/?post_type=product&#038;p=3750"},"modified":"2024-01-07T17:05:51","modified_gmt":"2024-01-07T15:05:51","slug":"sensido-skin-protection-100-ml-kaitsekreem-enne-varvimist","status":"publish","type":"product","link":"https:\/\/saxsim.ee\/swp\/product\/sensido-skin-protection-100-ml-kaitsekreem-enne-varvimist\/","title":{"rendered":"SensiDO Skin Protection 100 ml &#8211; kaitsekreem enne v\u00e4rvimist"},"content":{"rendered":"<p>Kaitsekreem enne v\u00e4rvimist. Hoiab \u00e4ra naha v\u00e4rvumise ja \u00e4rrituse. Kergelt pestav.<\/p>\n<p><span class=\"label label-primary\">Perfume free \/ <\/span><span class=\"label label-primary\">Colorant free<\/span><\/p>\n<p><strong>Kasutamine:<\/strong>\u00a0Enne v\u00e4rvimist kanna kreem juustepiirile, k\u00f5rvadele ja kaelale.<\/p>\n<p>&nbsp;<\/p>\n","protected":false},"excerpt":{"rendered":"<p>Kaitsekreem enne v\u00e4rvimist. Hoiab \u00e4ra naha v\u00e4rvumise ja \u00e4rrituse. Kergelt pestav. Perfume free \/ Colorant free Kasutamine:\u00a0Enne v\u00e4rvimist kanna kreem juustepiirile, k\u00f5rvadele ja kaelale. &nbsp;<\/p>\n","protected":false},"featured_media":3751,"comment_status":"closed","ping_status":"closed","template":"","meta":[],"product_cat":[395,246],"product_tag":[],"class_list":{"0":"post-3750","1":"product","2":"type-product","3":"status-publish","4":"has-post-thumbnail","6":"product_cat-juuksed","7":"product_cat-sensido-lisatooted","9":"first","10":"instock","11":"taxable","12":"shipping-taxable","13":"purchasable","14":"product-type-simple"},"_links":{"self":[{"href":"https:\/\/saxsim.ee\/swp\/wp-json\/wp\/v2\/product\/3750"}],"collection":[{"href":"https:\/\/saxsim.ee\/swp\/wp-json\/wp\/v2\/product"}],"about":[{"href":"https:\/\/saxsim.ee\/swp\/wp-json\/wp\/v2\/types\/product"}],"replies":[{"embeddable":true,"href":"https:\/\/saxsim.ee\/swp\/wp-json\/wp\/v2\/comments?post=3750"}],"wp:featuredmedia":[{"embeddable":true,"href":"https:\/\/saxsim.ee\/swp\/wp-json\/wp\/v2\/media\/3751"}],"wp:attachment":[{"href":"https:\/\/saxsim.ee\/swp\/wp-json\/wp\/v2\/media?parent=3750"}],"wp:term":[{"taxonomy":"product_cat","embeddable":true,"href":"https:\/\/saxsim.ee\/swp\/wp-json\/wp\/v2\/product_cat?post=3750"},{"taxonomy":"product_tag","embeddable":true,"href":"https:\/\/saxsim.ee\/swp\/wp-json\/wp\/v2\/product_tag?post=3750"}],"curies":[{"name":"wp","href":"https:\/\/api.w.org\/{rel}","templated":true}]}}