{"id":3502,"date":"2017-05-03T14:37:37","date_gmt":"2017-05-03T11:37:37","guid":{"rendered":"https:\/\/www.saxsim.ee\/swp\/?post_type=product&#038;p=3502"},"modified":"2017-05-30T18:29:54","modified_gmt":"2017-05-30T15:29:54","slug":"small-waved-hair-pin-with-pearl-1-tk-juuksenoel-parliga-5","status":"publish","type":"product","link":"https:\/\/saxsim.ee\/swp\/product\/small-waved-hair-pin-with-pearl-1-tk-juuksenoel-parliga-5\/","title":{"rendered":"Small Waved Hair Pin With Pearl 1 tk. &#8211; juuksen\u00f5el p\u00e4rliga"},"content":{"rendered":"<p>H\u00f5bedase p\u00e4rliga, hele\u00a0lai\u00adneline juuk\u00adse\u00adn\u00f5el ( &#8220;van\u00adaem\u00adan\u00f5el&#8221; ) erinevate soengute kaunistamiseks.<\/p>\n<p>Pikkus \u2013 45 mm.<\/p>\n<p>&nbsp;<\/p>\n<p>&nbsp;<\/p>\n<p>&nbsp;<\/p>\n<p>&nbsp;<\/p>\n<p>&nbsp;<\/p>\n","protected":false},"excerpt":{"rendered":"<p>H\u00f5bedase p\u00e4rliga, hele\u00a0lai\u00adneline juuk\u00adse\u00adn\u00f5el ( &#8220;van\u00adaem\u00adan\u00f5el&#8221; ) erinevate soengute kaunistamiseks. Pikkus \u2013 45 mm. &nbsp; &nbsp; &nbsp; &nbsp; &nbsp;<\/p>\n","protected":false},"featured_media":3498,"comment_status":"closed","ping_status":"closed","template":"","meta":[],"product_cat":[387,586,175],"product_tag":[],"class_list":{"0":"post-3502","1":"product","2":"type-product","3":"status-publish","4":"has-post-thumbnail","6":"product_cat-juuksekaunistused","7":"product_cat-parliga-juuksenoel","8":"product_cat-soenguvahendid","10":"first","11":"instock","12":"taxable","13":"shipping-taxable","14":"purchasable","15":"product-type-simple"},"_links":{"self":[{"href":"https:\/\/saxsim.ee\/swp\/wp-json\/wp\/v2\/product\/3502"}],"collection":[{"href":"https:\/\/saxsim.ee\/swp\/wp-json\/wp\/v2\/product"}],"about":[{"href":"https:\/\/saxsim.ee\/swp\/wp-json\/wp\/v2\/types\/product"}],"replies":[{"embeddable":true,"href":"https:\/\/saxsim.ee\/swp\/wp-json\/wp\/v2\/comments?post=3502"}],"wp:featuredmedia":[{"embeddable":true,"href":"https:\/\/saxsim.ee\/swp\/wp-json\/wp\/v2\/media\/3498"}],"wp:attachment":[{"href":"https:\/\/saxsim.ee\/swp\/wp-json\/wp\/v2\/media?parent=3502"}],"wp:term":[{"taxonomy":"product_cat","embeddable":true,"href":"https:\/\/saxsim.ee\/swp\/wp-json\/wp\/v2\/product_cat?post=3502"},{"taxonomy":"product_tag","embeddable":true,"href":"https:\/\/saxsim.ee\/swp\/wp-json\/wp\/v2\/product_tag?post=3502"}],"curies":[{"name":"wp","href":"https:\/\/api.w.org\/{rel}","templated":true}]}}