{"id":3495,"date":"2017-05-03T14:29:46","date_gmt":"2017-05-03T11:29:46","guid":{"rendered":"https:\/\/www.saxsim.ee\/swp\/?post_type=product&#038;p=3495"},"modified":"2017-05-30T18:31:24","modified_gmt":"2017-05-30T15:31:24","slug":"small-waved-hair-pin-with-pearl-1-tk-juuksenoel-parliga","status":"publish","type":"product","link":"https:\/\/saxsim.ee\/swp\/product\/small-waved-hair-pin-with-pearl-1-tk-juuksenoel-parliga\/","title":{"rendered":"Small Waved Hair Pin With Pearl 1 tk. &#8211; juuksen\u00f5el p\u00e4rliga"},"content":{"rendered":"<p>H\u00f5bedase p\u00e4rliga, tume\u00a0lai\u00adneline juuk\u00adse\u00adn\u00f5el ( &#8220;van\u00adaem\u00adan\u00f5el&#8221; ) erinevate soengute kaunistamiseks.<\/p>\n<p>Pikkus \u2013 65 mm.<\/p>\n<p>&nbsp;<\/p>\n<p>&nbsp;<\/p>\n<p>&nbsp;<\/p>\n<p>&nbsp;<\/p>\n<p>&nbsp;<\/p>\n","protected":false},"excerpt":{"rendered":"<p>H\u00f5bedase p\u00e4rliga, tume\u00a0lai\u00adneline juuk\u00adse\u00adn\u00f5el ( &#8220;van\u00adaem\u00adan\u00f5el&#8221; ) erinevate soengute kaunistamiseks. Pikkus \u2013 65 mm. &nbsp; &nbsp; &nbsp; &nbsp; &nbsp;<\/p>\n","protected":false},"featured_media":3496,"comment_status":"closed","ping_status":"closed","template":"","meta":[],"product_cat":[401,387,586,175],"product_tag":[],"class_list":{"0":"post-3495","1":"product","2":"type-product","3":"status-publish","4":"has-post-thumbnail","6":"product_cat-juuksuri-tarvikud","7":"product_cat-juuksekaunistused","8":"product_cat-parliga-juuksenoel","9":"product_cat-soenguvahendid","11":"first","12":"instock","13":"taxable","14":"shipping-taxable","15":"purchasable","16":"product-type-simple"},"_links":{"self":[{"href":"https:\/\/saxsim.ee\/swp\/wp-json\/wp\/v2\/product\/3495"}],"collection":[{"href":"https:\/\/saxsim.ee\/swp\/wp-json\/wp\/v2\/product"}],"about":[{"href":"https:\/\/saxsim.ee\/swp\/wp-json\/wp\/v2\/types\/product"}],"replies":[{"embeddable":true,"href":"https:\/\/saxsim.ee\/swp\/wp-json\/wp\/v2\/comments?post=3495"}],"wp:featuredmedia":[{"embeddable":true,"href":"https:\/\/saxsim.ee\/swp\/wp-json\/wp\/v2\/media\/3496"}],"wp:attachment":[{"href":"https:\/\/saxsim.ee\/swp\/wp-json\/wp\/v2\/media?parent=3495"}],"wp:term":[{"taxonomy":"product_cat","embeddable":true,"href":"https:\/\/saxsim.ee\/swp\/wp-json\/wp\/v2\/product_cat?post=3495"},{"taxonomy":"product_tag","embeddable":true,"href":"https:\/\/saxsim.ee\/swp\/wp-json\/wp\/v2\/product_tag?post=3495"}],"curies":[{"name":"wp","href":"https:\/\/api.w.org\/{rel}","templated":true}]}}