{"id":3485,"date":"2017-05-01T20:36:04","date_gmt":"2017-05-01T17:36:04","guid":{"rendered":"https:\/\/www.saxsim.ee\/swp\/?post_type=product&#038;p=3485"},"modified":"2017-08-23T12:37:12","modified_gmt":"2017-08-23T09:37:12","slug":"manicure-table-204lx-manikuurilaud","status":"publish","type":"product","link":"https:\/\/saxsim.ee\/swp\/product\/manicure-table-204lx-manikuurilaud\/","title":{"rendered":"Manicure Table, 204LX &#8211; manik\u00fc\u00fcrilaud"},"content":{"rendered":"<p>\u00dche\u00adpool\u00adne ma\u00adni\u00adk\u00fc\u00fc\u00adri\u00adlaud imuriga ja 4 sahtliga. Komp\u00adlek\u00adtis lamp, padi ja k\u00fc\u00fc\u00adne\u00adla\u00adki\u00adalus.<\/p>\n<p>M\u00f5\u00f5\u00addud &#8211; 00 x 00 x 00 cm.<\/p>\n","protected":false},"excerpt":{"rendered":"<p>\u00dche\u00adpool\u00adne ma\u00adni\u00adk\u00fc\u00fc\u00adri\u00adlaud imuriga ja 4 sahtliga. Komp\u00adlek\u00adtis lamp, padi ja k\u00fc\u00fc\u00adne\u00adla\u00adki\u00adalus. M\u00f5\u00f5\u00addud &#8211; 00 x 00 x 00 cm.<\/p>\n","protected":false},"featured_media":4146,"comment_status":"closed","ping_status":"closed","template":"","meta":[],"product_cat":[400,584,577],"product_tag":[],"class_list":{"0":"post-3485","1":"product","2":"type-product","3":"status-publish","4":"has-post-thumbnail","6":"product_cat-ilusalongi-sisustus","7":"product_cat-manikuurilauad-ilusalongi-sisustus","8":"product_cat-iluteenindaja-tarvikud","10":"first","11":"instock","12":"taxable","13":"shipping-taxable","14":"purchasable","15":"product-type-simple"},"_links":{"self":[{"href":"https:\/\/saxsim.ee\/swp\/wp-json\/wp\/v2\/product\/3485"}],"collection":[{"href":"https:\/\/saxsim.ee\/swp\/wp-json\/wp\/v2\/product"}],"about":[{"href":"https:\/\/saxsim.ee\/swp\/wp-json\/wp\/v2\/types\/product"}],"replies":[{"embeddable":true,"href":"https:\/\/saxsim.ee\/swp\/wp-json\/wp\/v2\/comments?post=3485"}],"wp:featuredmedia":[{"embeddable":true,"href":"https:\/\/saxsim.ee\/swp\/wp-json\/wp\/v2\/media\/4146"}],"wp:attachment":[{"href":"https:\/\/saxsim.ee\/swp\/wp-json\/wp\/v2\/media?parent=3485"}],"wp:term":[{"taxonomy":"product_cat","embeddable":true,"href":"https:\/\/saxsim.ee\/swp\/wp-json\/wp\/v2\/product_cat?post=3485"},{"taxonomy":"product_tag","embeddable":true,"href":"https:\/\/saxsim.ee\/swp\/wp-json\/wp\/v2\/product_tag?post=3485"}],"curies":[{"name":"wp","href":"https:\/\/api.w.org\/{rel}","templated":true}]}}