{"id":3484,"date":"2017-05-01T20:09:17","date_gmt":"2017-05-01T17:09:17","guid":{"rendered":"https:\/\/www.saxsim.ee\/swp\/?post_type=product&#038;p=3484"},"modified":"2018-01-17T18:51:19","modified_gmt":"2018-01-17T16:51:19","slug":"trolley-robot-tookaru","status":"publish","type":"product","link":"https:\/\/saxsim.ee\/swp\/product\/trolley-robot-tookaru\/","title":{"rendered":"Trolley, Robot &#8211; t\u00f6\u00f6k\u00e4ru"},"content":{"rendered":"<p>Plastratastega, 4 sahtliga t\u00f6\u00f6k\u00e4ru.<\/p>\n<p>K\u00f5rgus &#8211; 0,0 cm.<\/p>\n<p>Laius &#8211; 0,0 cm.<\/p>\n<p>S\u00fcgavus &#8211; 0,0 cm.<\/p>\n<p>&nbsp;<\/p>\n","protected":false},"excerpt":{"rendered":"<p>Plastratastega, 4 sahtliga t\u00f6\u00f6k\u00e4ru. K\u00f5rgus &#8211; 0,0 cm. Laius &#8211; 0,0 cm. S\u00fcgavus &#8211; 0,0 cm. &nbsp;<\/p>\n","protected":false},"featured_media":4419,"comment_status":"closed","ping_status":"closed","template":"","meta":[],"product_cat":[325,334,401],"product_tag":[],"class_list":{"0":"post-3484","1":"product","2":"type-product","3":"status-publish","4":"has-post-thumbnail","6":"product_cat-juuksuri-ja-ilusalongi-sisustus","7":"product_cat-tookarud","8":"product_cat-juuksuri-tarvikud","10":"first","11":"instock","12":"taxable","13":"shipping-taxable","14":"purchasable","15":"product-type-simple"},"_links":{"self":[{"href":"https:\/\/saxsim.ee\/swp\/wp-json\/wp\/v2\/product\/3484"}],"collection":[{"href":"https:\/\/saxsim.ee\/swp\/wp-json\/wp\/v2\/product"}],"about":[{"href":"https:\/\/saxsim.ee\/swp\/wp-json\/wp\/v2\/types\/product"}],"replies":[{"embeddable":true,"href":"https:\/\/saxsim.ee\/swp\/wp-json\/wp\/v2\/comments?post=3484"}],"wp:featuredmedia":[{"embeddable":true,"href":"https:\/\/saxsim.ee\/swp\/wp-json\/wp\/v2\/media\/4419"}],"wp:attachment":[{"href":"https:\/\/saxsim.ee\/swp\/wp-json\/wp\/v2\/media?parent=3484"}],"wp:term":[{"taxonomy":"product_cat","embeddable":true,"href":"https:\/\/saxsim.ee\/swp\/wp-json\/wp\/v2\/product_cat?post=3484"},{"taxonomy":"product_tag","embeddable":true,"href":"https:\/\/saxsim.ee\/swp\/wp-json\/wp\/v2\/product_tag?post=3484"}],"curies":[{"name":"wp","href":"https:\/\/api.w.org\/{rel}","templated":true}]}}