{"id":3481,"date":"2017-04-30T09:36:39","date_gmt":"2017-04-30T06:36:39","guid":{"rendered":"https:\/\/www.saxsim.ee\/swp\/?post_type=product&#038;p=3481"},"modified":"2018-11-30T11:34:56","modified_gmt":"2018-11-30T09:34:56","slug":"waiting-chair-klara-ootetool","status":"publish","type":"product","link":"https:\/\/saxsim.ee\/swp\/product\/waiting-chair-klara-ootetool\/","title":{"rendered":"Waiting Chair, Klara &#8211; ootetool"},"content":{"rendered":"<p>Tooli m\u00f5\u00f5dud &#8211; 70 cm x 75 cm x 63 cm<\/p>\n<p>V\u00e4rv &#8211; punane<\/p>\n<p>&nbsp;<\/p>\n","protected":false},"excerpt":{"rendered":"<p>Tooli m\u00f5\u00f5dud &#8211; 70 cm x 75 cm x 63 cm V\u00e4rv &#8211; punane &nbsp;<\/p>\n","protected":false},"featured_media":5274,"comment_status":"closed","ping_status":"closed","template":"","meta":[],"product_cat":[325,385,400,588,577,401],"product_tag":[],"class_list":{"0":"post-3481","1":"product","2":"type-product","3":"status-publish","4":"has-post-thumbnail","6":"product_cat-juuksuri-ja-ilusalongi-sisustus","7":"product_cat-ootetoolid","8":"product_cat-ilusalongi-sisustus","9":"product_cat-ootetoolid-ilusalongi-sisustus","10":"product_cat-iluteenindaja-tarvikud","11":"product_cat-juuksuri-tarvikud","13":"first","14":"instock","15":"taxable","16":"shipping-taxable","17":"purchasable","18":"product-type-simple"},"_links":{"self":[{"href":"https:\/\/saxsim.ee\/swp\/wp-json\/wp\/v2\/product\/3481"}],"collection":[{"href":"https:\/\/saxsim.ee\/swp\/wp-json\/wp\/v2\/product"}],"about":[{"href":"https:\/\/saxsim.ee\/swp\/wp-json\/wp\/v2\/types\/product"}],"replies":[{"embeddable":true,"href":"https:\/\/saxsim.ee\/swp\/wp-json\/wp\/v2\/comments?post=3481"}],"wp:featuredmedia":[{"embeddable":true,"href":"https:\/\/saxsim.ee\/swp\/wp-json\/wp\/v2\/media\/5274"}],"wp:attachment":[{"href":"https:\/\/saxsim.ee\/swp\/wp-json\/wp\/v2\/media?parent=3481"}],"wp:term":[{"taxonomy":"product_cat","embeddable":true,"href":"https:\/\/saxsim.ee\/swp\/wp-json\/wp\/v2\/product_cat?post=3481"},{"taxonomy":"product_tag","embeddable":true,"href":"https:\/\/saxsim.ee\/swp\/wp-json\/wp\/v2\/product_tag?post=3481"}],"curies":[{"name":"wp","href":"https:\/\/api.w.org\/{rel}","templated":true}]}}