{"id":3476,"date":"2017-04-25T20:56:37","date_gmt":"2017-04-25T17:56:37","guid":{"rendered":"https:\/\/www.saxsim.ee\/swp\/?post_type=product&#038;p=3476"},"modified":"2019-11-13T14:48:07","modified_gmt":"2019-11-13T12:48:07","slug":"styling-chair-sigma-ii-klienditool","status":"publish","type":"product","link":"https:\/\/saxsim.ee\/swp\/product\/styling-chair-sigma-ii-klienditool\/","title":{"rendered":"Styling Chair, Sigma II &#8211; klienditool"},"content":{"rendered":"<p>Tooli m\u00f5\u00f5dud: 51 cm x 59 cm x 60 cm.<\/p>\n<p>Reguleeritava k\u00f5rgusega h\u00fcdrauliline pump: 41 &#8211; 56 cm.<\/p>\n<p>H\u00fcdraulilist pumpa saab lukustada.<\/p>\n<p>Viieharuline jalg.<\/p>\n","protected":false},"excerpt":{"rendered":"<p>Tooli m\u00f5\u00f5dud: 51 cm x 59 cm x 60 cm. Reguleeritava k\u00f5rgusega h\u00fcdrauliline pump: 41 &#8211; 56 cm. H\u00fcdraulilist pumpa saab lukustada. Viieharuline jalg.<\/p>\n","protected":false},"featured_media":4141,"comment_status":"closed","ping_status":"closed","template":"","meta":[],"product_cat":[325,369,401],"product_tag":[],"class_list":{"0":"post-3476","1":"product","2":"type-product","3":"status-publish","4":"has-post-thumbnail","6":"product_cat-juuksuri-ja-ilusalongi-sisustus","7":"product_cat-klienditoolid","8":"product_cat-juuksuri-tarvikud","10":"first","11":"instock","12":"taxable","13":"shipping-taxable","14":"purchasable","15":"product-type-simple"},"_links":{"self":[{"href":"https:\/\/saxsim.ee\/swp\/wp-json\/wp\/v2\/product\/3476"}],"collection":[{"href":"https:\/\/saxsim.ee\/swp\/wp-json\/wp\/v2\/product"}],"about":[{"href":"https:\/\/saxsim.ee\/swp\/wp-json\/wp\/v2\/types\/product"}],"replies":[{"embeddable":true,"href":"https:\/\/saxsim.ee\/swp\/wp-json\/wp\/v2\/comments?post=3476"}],"wp:featuredmedia":[{"embeddable":true,"href":"https:\/\/saxsim.ee\/swp\/wp-json\/wp\/v2\/media\/4141"}],"wp:attachment":[{"href":"https:\/\/saxsim.ee\/swp\/wp-json\/wp\/v2\/media?parent=3476"}],"wp:term":[{"taxonomy":"product_cat","embeddable":true,"href":"https:\/\/saxsim.ee\/swp\/wp-json\/wp\/v2\/product_cat?post=3476"},{"taxonomy":"product_tag","embeddable":true,"href":"https:\/\/saxsim.ee\/swp\/wp-json\/wp\/v2\/product_tag?post=3476"}],"curies":[{"name":"wp","href":"https:\/\/api.w.org\/{rel}","templated":true}]}}