{"id":3472,"date":"2017-04-25T20:30:46","date_gmt":"2017-04-25T17:30:46","guid":{"rendered":"https:\/\/www.saxsim.ee\/swp\/?post_type=product&#038;p=3472"},"modified":"2017-05-30T18:53:49","modified_gmt":"2017-05-30T15:53:49","slug":"y-s-park-wooden-brush-501-juuksehari","status":"publish","type":"product","link":"https:\/\/saxsim.ee\/swp\/product\/y-s-park-wooden-brush-501-juuksehari\/","title":{"rendered":"Y.S. Park Wooden Brush 501 &#8211; juuksehari"},"content":{"rendered":"<p>V\u00e4ga kerge, kuumakindlate polymid- ja\u00a0metsseaharjastega, puidust k\u00e4epidemega juuksehari.<\/p>\n<p>M\u00f5\u00f5dud &#8211; 82*49*230 mm.<\/p>\n","protected":false},"excerpt":{"rendered":"<p>V\u00e4ga kerge, kuumakindlate polymid- ja\u00a0metsseaharjastega, puidust k\u00e4epidemega juuksehari. M\u00f5\u00f5dud &#8211; 82*49*230 mm.<\/p>\n","protected":false},"featured_media":3473,"comment_status":"closed","ping_status":"closed","template":"","meta":[],"product_cat":[401,172,384],"product_tag":[],"class_list":{"0":"post-3472","1":"product","2":"type-product","3":"status-publish","4":"has-post-thumbnail","6":"product_cat-juuksuri-tarvikud","7":"product_cat-juukseharjad","8":"product_cat-y-s-park-juukseharjad","10":"first","11":"instock","12":"taxable","13":"shipping-taxable","14":"purchasable","15":"product-type-simple"},"_links":{"self":[{"href":"https:\/\/saxsim.ee\/swp\/wp-json\/wp\/v2\/product\/3472"}],"collection":[{"href":"https:\/\/saxsim.ee\/swp\/wp-json\/wp\/v2\/product"}],"about":[{"href":"https:\/\/saxsim.ee\/swp\/wp-json\/wp\/v2\/types\/product"}],"replies":[{"embeddable":true,"href":"https:\/\/saxsim.ee\/swp\/wp-json\/wp\/v2\/comments?post=3472"}],"wp:featuredmedia":[{"embeddable":true,"href":"https:\/\/saxsim.ee\/swp\/wp-json\/wp\/v2\/media\/3473"}],"wp:attachment":[{"href":"https:\/\/saxsim.ee\/swp\/wp-json\/wp\/v2\/media?parent=3472"}],"wp:term":[{"taxonomy":"product_cat","embeddable":true,"href":"https:\/\/saxsim.ee\/swp\/wp-json\/wp\/v2\/product_cat?post=3472"},{"taxonomy":"product_tag","embeddable":true,"href":"https:\/\/saxsim.ee\/swp\/wp-json\/wp\/v2\/product_tag?post=3472"}],"curies":[{"name":"wp","href":"https:\/\/api.w.org\/{rel}","templated":true}]}}