{"id":3349,"date":"2017-04-20T12:23:02","date_gmt":"2017-04-20T09:23:02","guid":{"rendered":"https:\/\/www.saxsim.ee\/swp\/?post_type=product&#038;p=3349"},"modified":"2017-05-30T20:09:17","modified_gmt":"2017-05-30T17:09:17","slug":"jaguar-t300-juuksehari","status":"publish","type":"product","link":"https:\/\/saxsim.ee\/swp\/product\/jaguar-t300-juuksehari\/","title":{"rendered":"Jaguar T300 &#8211; juuksehari"},"content":{"rendered":"<p>20\u00a0mm., antistaatiline, nailonharjastega rullhari.\u00a0Harja\u00a0k\u00e4epideme sees \u00a0on plastikust n\u00f5el, mida saab \u00fcmberp\u00f6\u00f6ratult kasutada abivahendina jaotuste tegemiseks.<\/p>\n<p>&nbsp;<\/p>\n<p>&nbsp;<\/p>\n<p>&nbsp;<\/p>\n","protected":false},"excerpt":{"rendered":"<p>20\u00a0mm., antistaatiline, nailonharjastega rullhari.\u00a0Harja\u00a0k\u00e4epideme sees \u00a0on plastikust n\u00f5el, mida saab \u00fcmberp\u00f6\u00f6ratult kasutada abivahendina jaotuste tegemiseks. &nbsp; &nbsp; &nbsp;<\/p>\n","protected":false},"featured_media":3329,"comment_status":"closed","ping_status":"closed","template":"","meta":[],"product_cat":[401,172,377],"product_tag":[],"class_list":{"0":"post-3349","1":"product","2":"type-product","3":"status-publish","4":"has-post-thumbnail","6":"product_cat-juuksuri-tarvikud","7":"product_cat-juukseharjad","8":"product_cat-rullharjad","10":"first","11":"instock","12":"taxable","13":"shipping-taxable","14":"purchasable","15":"product-type-simple"},"_links":{"self":[{"href":"https:\/\/saxsim.ee\/swp\/wp-json\/wp\/v2\/product\/3349"}],"collection":[{"href":"https:\/\/saxsim.ee\/swp\/wp-json\/wp\/v2\/product"}],"about":[{"href":"https:\/\/saxsim.ee\/swp\/wp-json\/wp\/v2\/types\/product"}],"replies":[{"embeddable":true,"href":"https:\/\/saxsim.ee\/swp\/wp-json\/wp\/v2\/comments?post=3349"}],"wp:featuredmedia":[{"embeddable":true,"href":"https:\/\/saxsim.ee\/swp\/wp-json\/wp\/v2\/media\/3329"}],"wp:attachment":[{"href":"https:\/\/saxsim.ee\/swp\/wp-json\/wp\/v2\/media?parent=3349"}],"wp:term":[{"taxonomy":"product_cat","embeddable":true,"href":"https:\/\/saxsim.ee\/swp\/wp-json\/wp\/v2\/product_cat?post=3349"},{"taxonomy":"product_tag","embeddable":true,"href":"https:\/\/saxsim.ee\/swp\/wp-json\/wp\/v2\/product_tag?post=3349"}],"curies":[{"name":"wp","href":"https:\/\/api.w.org\/{rel}","templated":true}]}}