{"id":3318,"date":"2017-04-20T11:39:19","date_gmt":"2017-04-20T08:39:19","guid":{"rendered":"https:\/\/www.saxsim.ee\/swp\/?post_type=product&#038;p=3318"},"modified":"2018-09-05T11:01:57","modified_gmt":"2018-09-05T08:01:57","slug":"jaguar-cm-5000-blade-juukseloikusmasina-tera","status":"publish","type":"product","link":"https:\/\/saxsim.ee\/swp\/product\/jaguar-cm-5000-blade-juukseloikusmasina-tera\/","title":{"rendered":"Jaguar CM 5000 Blade &#8211; juuksel\u00f5ikusmasina tera"},"content":{"rendered":"<div class=\"intro\">\n<p>Jaguar CM 5000 juuksel\u00f5ikusmasina roostevabast terasest l\u00f5ikustera.<\/p>\n<p>Tera laius &#8211; 46 mm.<\/p>\n<p>Reguleeritav tera k\u00f5rgus &#8211; 1,0\u20133,0 mm.<\/p>\n<\/div>\n","protected":false},"excerpt":{"rendered":"<p>Jaguar CM 5000 juuksel\u00f5ikusmasina roostevabast terasest l\u00f5ikustera. Tera laius &#8211; 46 mm. Reguleeritav tera k\u00f5rgus &#8211; 1,0\u20133,0 mm.<\/p>\n","protected":false},"featured_media":4987,"comment_status":"closed","ping_status":"closed","template":"","meta":[],"product_cat":[401,278],"product_tag":[],"class_list":{"0":"post-3318","1":"product","2":"type-product","3":"status-publish","4":"has-post-thumbnail","6":"product_cat-juuksuri-tarvikud","7":"product_cat-varuosad","9":"first","10":"instock","11":"taxable","12":"shipping-taxable","13":"purchasable","14":"product-type-simple"},"_links":{"self":[{"href":"https:\/\/saxsim.ee\/swp\/wp-json\/wp\/v2\/product\/3318"}],"collection":[{"href":"https:\/\/saxsim.ee\/swp\/wp-json\/wp\/v2\/product"}],"about":[{"href":"https:\/\/saxsim.ee\/swp\/wp-json\/wp\/v2\/types\/product"}],"replies":[{"embeddable":true,"href":"https:\/\/saxsim.ee\/swp\/wp-json\/wp\/v2\/comments?post=3318"}],"wp:featuredmedia":[{"embeddable":true,"href":"https:\/\/saxsim.ee\/swp\/wp-json\/wp\/v2\/media\/4987"}],"wp:attachment":[{"href":"https:\/\/saxsim.ee\/swp\/wp-json\/wp\/v2\/media?parent=3318"}],"wp:term":[{"taxonomy":"product_cat","embeddable":true,"href":"https:\/\/saxsim.ee\/swp\/wp-json\/wp\/v2\/product_cat?post=3318"},{"taxonomy":"product_tag","embeddable":true,"href":"https:\/\/saxsim.ee\/swp\/wp-json\/wp\/v2\/product_tag?post=3318"}],"curies":[{"name":"wp","href":"https:\/\/api.w.org\/{rel}","templated":true}]}}