{"id":3317,"date":"2017-04-20T11:37:40","date_gmt":"2017-04-20T08:37:40","guid":{"rendered":"https:\/\/www.saxsim.ee\/swp\/?post_type=product&#038;p=3317"},"modified":"2025-03-27T09:42:27","modified_gmt":"2025-03-27T07:42:27","slug":"jaguar-cm-2000-blade-juukseloikusmasina-tera","status":"publish","type":"product","link":"https:\/\/saxsim.ee\/swp\/product\/jaguar-cm-2000-blade-juukseloikusmasina-tera\/","title":{"rendered":"Jaguar CM 2000 Blade &#8211; juuksel\u00f5ikusmasina tera"},"content":{"rendered":"<div class=\"intro\">\n<p>Jaguar CM 2000 juuksel\u00f5ikusmasina roostevabast terasest l\u00f5ikustera.<\/p>\n<p>Tera laius &#8211; 46 mm.<\/p>\n<p>Reguleeritav tera k\u00f5rgus &#8211; 1,0\u20132,0 mm.<\/p>\n<\/div>\n","protected":false},"excerpt":{"rendered":"<p>Jaguar CM 2000 juuksel\u00f5ikusmasina roostevabast terasest l\u00f5ikustera. Tera laius &#8211; 46 mm. Reguleeritav tera k\u00f5rgus &#8211; 1,0\u20132,0 mm.<\/p>\n","protected":false},"featured_media":4986,"comment_status":"closed","ping_status":"closed","template":"","meta":[],"product_cat":[401,278],"product_tag":[],"class_list":{"0":"post-3317","1":"product","2":"type-product","3":"status-publish","4":"has-post-thumbnail","6":"product_cat-juuksuri-tarvikud","7":"product_cat-varuosad","9":"first","10":"instock","11":"taxable","12":"shipping-taxable","13":"purchasable","14":"product-type-simple"},"_links":{"self":[{"href":"https:\/\/saxsim.ee\/swp\/wp-json\/wp\/v2\/product\/3317"}],"collection":[{"href":"https:\/\/saxsim.ee\/swp\/wp-json\/wp\/v2\/product"}],"about":[{"href":"https:\/\/saxsim.ee\/swp\/wp-json\/wp\/v2\/types\/product"}],"replies":[{"embeddable":true,"href":"https:\/\/saxsim.ee\/swp\/wp-json\/wp\/v2\/comments?post=3317"}],"wp:featuredmedia":[{"embeddable":true,"href":"https:\/\/saxsim.ee\/swp\/wp-json\/wp\/v2\/media\/4986"}],"wp:attachment":[{"href":"https:\/\/saxsim.ee\/swp\/wp-json\/wp\/v2\/media?parent=3317"}],"wp:term":[{"taxonomy":"product_cat","embeddable":true,"href":"https:\/\/saxsim.ee\/swp\/wp-json\/wp\/v2\/product_cat?post=3317"},{"taxonomy":"product_tag","embeddable":true,"href":"https:\/\/saxsim.ee\/swp\/wp-json\/wp\/v2\/product_tag?post=3317"}],"curies":[{"name":"wp","href":"https:\/\/api.w.org\/{rel}","templated":true}]}}