{"id":3316,"date":"2017-04-20T11:28:57","date_gmt":"2017-04-20T08:28:57","guid":{"rendered":"https:\/\/www.saxsim.ee\/swp\/?post_type=product&#038;p=3316"},"modified":"2025-08-04T11:11:30","modified_gmt":"2025-08-04T08:11:30","slug":"jaguar-cm-2000-loikusmasin","status":"publish","type":"product","link":"https:\/\/saxsim.ee\/swp\/product\/jaguar-cm-2000-loikusmasin\/","title":{"rendered":"Jaguar CM 2000 &#8211; l\u00f5ikusmasin"},"content":{"rendered":"<p>V\u00f5imas, kuid vaikne, juhtmega, reguleeritava\u00a0l\u00f5ikusteraga ( 1,0 &#8211; 2,0 mm. ) juuksel\u00f5ikusmasin.<\/p>\n<p><strong>Tehnilised andmed:<\/strong><\/p>\n<p>V\u00f5imsus &#8211;\u00a010 W<\/p>\n<p>220\u2013240 V, 50 Hz<\/p>\n<p>kaal &#8211; 460 g.<\/p>\n<p>juhe &#8211; 2,8 m.<\/p>\n<p><strong>Komplektis:<\/strong><\/p>\n<p>1 \u00a0l\u00f5ikustera CM 2000\u00a0( laius &#8211;\u00a046 mm. )<\/p>\n<p>6 pikendustalda ( 3\/6\/9\/12\/19\/25 mm. )<\/p>\n<p>masina\u00f5li<\/p>\n<p>puhastushari<\/p>\n<p>l\u00f5iketera kaitse<\/p>\n","protected":false},"excerpt":{"rendered":"<p>V\u00f5imas, kuid vaikne, juhtmega, reguleeritava\u00a0l\u00f5ikusteraga ( 1,0 &#8211; 2,0 mm. ) juuksel\u00f5ikusmasin. Tehnilised andmed: V\u00f5imsus &#8211;\u00a010 W 220\u2013240 V, 50 Hz kaal &#8211; 460 g. juhe &#8211; 2,8 m. Komplektis: 1 \u00a0l\u00f5ikustera CM 2000\u00a0( laius &#8211;\u00a046 mm. ) 6 pikendustalda ( 3\/6\/9\/12\/19\/25 mm. ) masina\u00f5li puhastushari l\u00f5iketera kaitse<\/p>\n","protected":false},"featured_media":3313,"comment_status":"closed","ping_status":"closed","template":"","meta":[],"product_cat":[736,401,280,286],"product_tag":[],"class_list":{"0":"post-3316","1":"product","2":"type-product","3":"status-publish","4":"has-post-thumbnail","6":"product_cat-jaguar","7":"product_cat-juuksuri-tarvikud","8":"product_cat-elektrilised-toovahendid","9":"product_cat-loikusmasinad-ja-trimmerid","11":"first","12":"instock","13":"taxable","14":"shipping-taxable","15":"purchasable","16":"product-type-simple"},"_links":{"self":[{"href":"https:\/\/saxsim.ee\/swp\/wp-json\/wp\/v2\/product\/3316"}],"collection":[{"href":"https:\/\/saxsim.ee\/swp\/wp-json\/wp\/v2\/product"}],"about":[{"href":"https:\/\/saxsim.ee\/swp\/wp-json\/wp\/v2\/types\/product"}],"replies":[{"embeddable":true,"href":"https:\/\/saxsim.ee\/swp\/wp-json\/wp\/v2\/comments?post=3316"}],"wp:featuredmedia":[{"embeddable":true,"href":"https:\/\/saxsim.ee\/swp\/wp-json\/wp\/v2\/media\/3313"}],"wp:attachment":[{"href":"https:\/\/saxsim.ee\/swp\/wp-json\/wp\/v2\/media?parent=3316"}],"wp:term":[{"taxonomy":"product_cat","embeddable":true,"href":"https:\/\/saxsim.ee\/swp\/wp-json\/wp\/v2\/product_cat?post=3316"},{"taxonomy":"product_tag","embeddable":true,"href":"https:\/\/saxsim.ee\/swp\/wp-json\/wp\/v2\/product_tag?post=3316"}],"curies":[{"name":"wp","href":"https:\/\/api.w.org\/{rel}","templated":true}]}}