{"id":3309,"date":"2017-04-20T11:01:06","date_gmt":"2017-04-20T08:01:06","guid":{"rendered":"https:\/\/www.saxsim.ee\/swp\/?post_type=product&#038;p=3309"},"modified":"2024-01-08T12:34:12","modified_gmt":"2024-01-08T10:34:12","slug":"whisper-sound-mura-summuti","status":"publish","type":"product","link":"https:\/\/saxsim.ee\/swp\/product\/whisper-sound-mura-summuti\/","title":{"rendered":"Whisper Sound &#8211; m\u00fcra summuti"},"content":{"rendered":"<p>Kerge ja v\u00e4ike m\u00fcra suummutaja, mida on kerge paigaldada filtri asemele.<\/p>\n<p>&nbsp;<\/p>\n","protected":false},"excerpt":{"rendered":"<p>Kerge ja v\u00e4ike m\u00fcra suummutaja, mida on kerge paigaldada filtri asemele. &nbsp;<\/p>\n","protected":false},"featured_media":3310,"comment_status":"closed","ping_status":"closed","template":"","meta":[],"product_cat":[401,285],"product_tag":[],"class_list":{"0":"post-3309","1":"product","2":"type-product","3":"status-publish","4":"has-post-thumbnail","6":"product_cat-juuksuri-tarvikud","7":"product_cat-kasifoonid","9":"first","10":"instock","11":"taxable","12":"shipping-taxable","13":"purchasable","14":"product-type-simple"},"_links":{"self":[{"href":"https:\/\/saxsim.ee\/swp\/wp-json\/wp\/v2\/product\/3309"}],"collection":[{"href":"https:\/\/saxsim.ee\/swp\/wp-json\/wp\/v2\/product"}],"about":[{"href":"https:\/\/saxsim.ee\/swp\/wp-json\/wp\/v2\/types\/product"}],"replies":[{"embeddable":true,"href":"https:\/\/saxsim.ee\/swp\/wp-json\/wp\/v2\/comments?post=3309"}],"wp:featuredmedia":[{"embeddable":true,"href":"https:\/\/saxsim.ee\/swp\/wp-json\/wp\/v2\/media\/3310"}],"wp:attachment":[{"href":"https:\/\/saxsim.ee\/swp\/wp-json\/wp\/v2\/media?parent=3309"}],"wp:term":[{"taxonomy":"product_cat","embeddable":true,"href":"https:\/\/saxsim.ee\/swp\/wp-json\/wp\/v2\/product_cat?post=3309"},{"taxonomy":"product_tag","embeddable":true,"href":"https:\/\/saxsim.ee\/swp\/wp-json\/wp\/v2\/product_tag?post=3309"}],"curies":[{"name":"wp","href":"https:\/\/api.w.org\/{rel}","templated":true}]}}