{"id":3305,"date":"2017-04-20T10:49:18","date_gmt":"2017-04-20T07:49:18","guid":{"rendered":"https:\/\/www.saxsim.ee\/swp\/?post_type=product&#038;p=3305"},"modified":"2025-09-30T17:40:33","modified_gmt":"2025-09-30T14:40:33","slug":"tecno-elettra-diffuser-universal-double","status":"publish","type":"product","link":"https:\/\/saxsim.ee\/swp\/product\/tecno-elettra-diffuser-universal-double\/","title":{"rendered":"Tecno Elettra Diffuser Universal Double &#8211; 2 otsikuga difuusor"},"content":{"rendered":"<p>2 vahetatava otsikuga universaalne difuusor, mis sobib paljudele k\u00e4sif\u00f6\u00f6nidele.<\/p>\n<p>&nbsp;<\/p>\n","protected":false},"excerpt":{"rendered":"<p>2 vahetatava otsikuga universaalne difuusor, mis sobib paljudele k\u00e4sif\u00f6\u00f6nidele. &nbsp;<\/p>\n","protected":false},"featured_media":3306,"comment_status":"closed","ping_status":"closed","template":"","meta":[],"product_cat":[401,285],"product_tag":[],"class_list":{"0":"post-3305","1":"product","2":"type-product","3":"status-publish","4":"has-post-thumbnail","6":"product_cat-juuksuri-tarvikud","7":"product_cat-kasifoonid","9":"first","10":"instock","11":"taxable","12":"shipping-taxable","13":"purchasable","14":"product-type-simple"},"_links":{"self":[{"href":"https:\/\/saxsim.ee\/swp\/wp-json\/wp\/v2\/product\/3305"}],"collection":[{"href":"https:\/\/saxsim.ee\/swp\/wp-json\/wp\/v2\/product"}],"about":[{"href":"https:\/\/saxsim.ee\/swp\/wp-json\/wp\/v2\/types\/product"}],"replies":[{"embeddable":true,"href":"https:\/\/saxsim.ee\/swp\/wp-json\/wp\/v2\/comments?post=3305"}],"wp:featuredmedia":[{"embeddable":true,"href":"https:\/\/saxsim.ee\/swp\/wp-json\/wp\/v2\/media\/3306"}],"wp:attachment":[{"href":"https:\/\/saxsim.ee\/swp\/wp-json\/wp\/v2\/media?parent=3305"}],"wp:term":[{"taxonomy":"product_cat","embeddable":true,"href":"https:\/\/saxsim.ee\/swp\/wp-json\/wp\/v2\/product_cat?post=3305"},{"taxonomy":"product_tag","embeddable":true,"href":"https:\/\/saxsim.ee\/swp\/wp-json\/wp\/v2\/product_tag?post=3305"}],"curies":[{"name":"wp","href":"https:\/\/api.w.org\/{rel}","templated":true}]}}