{"id":3296,"date":"2017-04-20T10:41:18","date_gmt":"2017-04-20T07:41:18","guid":{"rendered":"https:\/\/www.saxsim.ee\/swp\/?post_type=product&#038;p=3296"},"modified":"2024-01-08T12:46:32","modified_gmt":"2024-01-08T10:46:32","slug":"formula-6000-kasifoon","status":"publish","type":"product","link":"https:\/\/saxsim.ee\/swp\/product\/formula-6000-kasifoon\/","title":{"rendered":"Formula 6000 &#8211; k\u00e4sif\u00f6\u00f6n"},"content":{"rendered":"<p><strong>Tehnilised andmed:<\/strong><\/p>\n<p>2500 W<br \/>\n220-240 V<br \/>\n2 kiirust<br \/>\n4\u00a0kuumusastet<br \/>\nk\u00fclma \u00f5huvoo nupp<br \/>\nHC Fast mootor<br \/>\nkaal &#8211; 525 g<br \/>\njuhe &#8211; 3 m<br \/>\n2 erinevat \u00f5husuunajat<\/p>\n<p>Tootja:\u00a0TECNO ELETTRA S.r.l., Itaalia<\/p>\n","protected":false},"excerpt":{"rendered":"<p>Tehnilised andmed: 2500 W 220-240 V 2 kiirust 4\u00a0kuumusastet k\u00fclma \u00f5huvoo nupp HC Fast mootor kaal &#8211; 525 g juhe &#8211; 3 m 2 erinevat \u00f5husuunajat Tootja:\u00a0TECNO ELETTRA S.r.l., Itaalia<\/p>\n","protected":false},"featured_media":3297,"comment_status":"closed","ping_status":"closed","template":"","meta":[],"product_cat":[401,280,285],"product_tag":[],"class_list":{"0":"post-3296","1":"product","2":"type-product","3":"status-publish","4":"has-post-thumbnail","6":"product_cat-juuksuri-tarvikud","7":"product_cat-elektrilised-toovahendid","8":"product_cat-kasifoonid","10":"first","11":"instock","12":"taxable","13":"shipping-taxable","14":"purchasable","15":"product-type-simple"},"_links":{"self":[{"href":"https:\/\/saxsim.ee\/swp\/wp-json\/wp\/v2\/product\/3296"}],"collection":[{"href":"https:\/\/saxsim.ee\/swp\/wp-json\/wp\/v2\/product"}],"about":[{"href":"https:\/\/saxsim.ee\/swp\/wp-json\/wp\/v2\/types\/product"}],"replies":[{"embeddable":true,"href":"https:\/\/saxsim.ee\/swp\/wp-json\/wp\/v2\/comments?post=3296"}],"wp:featuredmedia":[{"embeddable":true,"href":"https:\/\/saxsim.ee\/swp\/wp-json\/wp\/v2\/media\/3297"}],"wp:attachment":[{"href":"https:\/\/saxsim.ee\/swp\/wp-json\/wp\/v2\/media?parent=3296"}],"wp:term":[{"taxonomy":"product_cat","embeddable":true,"href":"https:\/\/saxsim.ee\/swp\/wp-json\/wp\/v2\/product_cat?post=3296"},{"taxonomy":"product_tag","embeddable":true,"href":"https:\/\/saxsim.ee\/swp\/wp-json\/wp\/v2\/product_tag?post=3296"}],"curies":[{"name":"wp","href":"https:\/\/api.w.org\/{rel}","templated":true}]}}