{"id":3280,"date":"2017-04-19T23:10:42","date_gmt":"2017-04-19T20:10:42","guid":{"rendered":"https:\/\/www.saxsim.ee\/swp\/?post_type=product&#038;p=3280"},"modified":"2024-01-21T11:01:39","modified_gmt":"2024-01-21T09:01:39","slug":"jaguar-cj3-60","status":"publish","type":"product","link":"https:\/\/saxsim.ee\/swp\/product\/jaguar-cj3-60\/","title":{"rendered":"Jaguar CJ3 6,0&#8243; &#8211; l\u00f5ikusk\u00e4\u00e4rid"},"content":{"rendered":"<p>L\u00f5ikusk\u00e4\u00e4rid.<\/p>\n<p>\u2013 paremak\u00e4eliste k\u00e4\u00e4rid<br \/>\n\u2013 k\u00e4epideme asend: ergonoomiline<br \/>\n\u2013 teras: mol\u00fcbdeenteras<br \/>\n\u2013 kaal: 45 g.<br \/>\n\u2013 eemaldatav s\u00f5rmetugi<br \/>\n\u2013 poleeritud viimistlus<br \/>\n\u2013 kruvi\u00fchendus: Smart Spin<br \/>\n\u2013 v\u00e4rvus: h\u00f5bedane<br \/>\n\u2013 l\u00f5ikeserv\/tera: slice, poolintegreeritud l\u00f5ikeservad, poolkumer tera<\/p>\n<p>&nbsp;<\/p>\n","protected":false},"excerpt":{"rendered":"<p>L\u00f5ikusk\u00e4\u00e4rid. \u2013 paremak\u00e4eliste k\u00e4\u00e4rid \u2013 k\u00e4epideme asend: ergonoomiline \u2013 teras: mol\u00fcbdeenteras \u2013 kaal: 45 g. \u2013 eemaldatav s\u00f5rmetugi \u2013 poleeritud viimistlus \u2013 kruvi\u00fchendus: Smart Spin \u2013 v\u00e4rvus: h\u00f5bedane \u2013 l\u00f5ikeserv\/tera: slice, poolintegreeritud l\u00f5ikeservad, poolkumer tera &nbsp;<\/p>\n","protected":false},"featured_media":3247,"comment_status":"closed","ping_status":"closed","template":"","meta":[],"product_cat":[736,401,174,276],"product_tag":[],"class_list":{"0":"post-3280","1":"product","2":"type-product","3":"status-publish","4":"has-post-thumbnail","6":"product_cat-jaguar","7":"product_cat-juuksuri-tarvikud","8":"product_cat-kaarid","9":"product_cat-loikuskaarid","11":"first","12":"instock","13":"taxable","14":"shipping-taxable","15":"purchasable","16":"product-type-simple"},"_links":{"self":[{"href":"https:\/\/saxsim.ee\/swp\/wp-json\/wp\/v2\/product\/3280"}],"collection":[{"href":"https:\/\/saxsim.ee\/swp\/wp-json\/wp\/v2\/product"}],"about":[{"href":"https:\/\/saxsim.ee\/swp\/wp-json\/wp\/v2\/types\/product"}],"replies":[{"embeddable":true,"href":"https:\/\/saxsim.ee\/swp\/wp-json\/wp\/v2\/comments?post=3280"}],"wp:featuredmedia":[{"embeddable":true,"href":"https:\/\/saxsim.ee\/swp\/wp-json\/wp\/v2\/media\/3247"}],"wp:attachment":[{"href":"https:\/\/saxsim.ee\/swp\/wp-json\/wp\/v2\/media?parent=3280"}],"wp:term":[{"taxonomy":"product_cat","embeddable":true,"href":"https:\/\/saxsim.ee\/swp\/wp-json\/wp\/v2\/product_cat?post=3280"},{"taxonomy":"product_tag","embeddable":true,"href":"https:\/\/saxsim.ee\/swp\/wp-json\/wp\/v2\/product_tag?post=3280"}],"curies":[{"name":"wp","href":"https:\/\/api.w.org\/{rel}","templated":true}]}}