{"id":3276,"date":"2017-04-19T23:00:49","date_gmt":"2017-04-19T20:00:49","guid":{"rendered":"https:\/\/www.saxsim.ee\/swp\/?post_type=product&#038;p=3276"},"modified":"2024-01-21T10:34:22","modified_gmt":"2024-01-21T08:34:22","slug":"jaguar-ocean-32-60","status":"publish","type":"product","link":"https:\/\/saxsim.ee\/swp\/product\/jaguar-ocean-32-60\/","title":{"rendered":"Jaguar Ocean 32 6,0&#8243;- fileerk\u00e4\u00e4rid"},"content":{"rendered":"<p>32-hambaga fileerk\u00e4\u00e4rid.<\/p>\n<p>Pikkus &#8211; 6,0&#8243; ( 15,5 cm. )<\/p>\n<p>&nbsp;<\/p>\n","protected":false},"excerpt":{"rendered":"<p>32-hambaga fileerk\u00e4\u00e4rid. Pikkus &#8211; 6,0&#8243; ( 15,5 cm. ) &nbsp;<\/p>\n","protected":false},"featured_media":3254,"comment_status":"closed","ping_status":"closed","template":"","meta":[],"product_cat":[736,401,174,277],"product_tag":[],"class_list":{"0":"post-3276","1":"product","2":"type-product","3":"status-publish","4":"has-post-thumbnail","6":"product_cat-jaguar","7":"product_cat-juuksuri-tarvikud","8":"product_cat-kaarid","9":"product_cat-fileerkaarid","11":"first","12":"instock","13":"taxable","14":"shipping-taxable","15":"purchasable","16":"product-type-simple"},"_links":{"self":[{"href":"https:\/\/saxsim.ee\/swp\/wp-json\/wp\/v2\/product\/3276"}],"collection":[{"href":"https:\/\/saxsim.ee\/swp\/wp-json\/wp\/v2\/product"}],"about":[{"href":"https:\/\/saxsim.ee\/swp\/wp-json\/wp\/v2\/types\/product"}],"replies":[{"embeddable":true,"href":"https:\/\/saxsim.ee\/swp\/wp-json\/wp\/v2\/comments?post=3276"}],"wp:featuredmedia":[{"embeddable":true,"href":"https:\/\/saxsim.ee\/swp\/wp-json\/wp\/v2\/media\/3254"}],"wp:attachment":[{"href":"https:\/\/saxsim.ee\/swp\/wp-json\/wp\/v2\/media?parent=3276"}],"wp:term":[{"taxonomy":"product_cat","embeddable":true,"href":"https:\/\/saxsim.ee\/swp\/wp-json\/wp\/v2\/product_cat?post=3276"},{"taxonomy":"product_tag","embeddable":true,"href":"https:\/\/saxsim.ee\/swp\/wp-json\/wp\/v2\/product_tag?post=3276"}],"curies":[{"name":"wp","href":"https:\/\/api.w.org\/{rel}","templated":true}]}}