{"id":3275,"date":"2017-04-19T22:58:46","date_gmt":"2017-04-19T19:58:46","guid":{"rendered":"https:\/\/www.saxsim.ee\/swp\/?post_type=product&#038;p=3275"},"modified":"2024-01-21T09:58:56","modified_gmt":"2024-01-21T07:58:56","slug":"jaguar-satin-plus-es-40-2","status":"publish","type":"product","link":"https:\/\/saxsim.ee\/swp\/product\/jaguar-satin-plus-es-40-2\/","title":{"rendered":"Jaguar Satin Plus ES 40 &#8211; fileerk\u00e4\u00e4rid"},"content":{"rendered":"<p>40-hambaga fileerk\u00e4\u00e4rid.<\/p>\n<p>Pikkus &#8211; 5,0&#8243; ( 13,0 cm. )<\/p>\n<p>&nbsp;<\/p>\n","protected":false},"excerpt":{"rendered":"<p>40-hambaga fileerk\u00e4\u00e4rid. Pikkus &#8211; 5,0&#8243; ( 13,0 cm. ) &nbsp;<\/p>\n","protected":false},"featured_media":3243,"comment_status":"closed","ping_status":"closed","template":"","meta":[],"product_cat":[736,401,174,277],"product_tag":[],"class_list":{"0":"post-3275","1":"product","2":"type-product","3":"status-publish","4":"has-post-thumbnail","6":"product_cat-jaguar","7":"product_cat-juuksuri-tarvikud","8":"product_cat-kaarid","9":"product_cat-fileerkaarid","11":"first","12":"instock","13":"taxable","14":"shipping-taxable","15":"purchasable","16":"product-type-simple"},"_links":{"self":[{"href":"https:\/\/saxsim.ee\/swp\/wp-json\/wp\/v2\/product\/3275"}],"collection":[{"href":"https:\/\/saxsim.ee\/swp\/wp-json\/wp\/v2\/product"}],"about":[{"href":"https:\/\/saxsim.ee\/swp\/wp-json\/wp\/v2\/types\/product"}],"replies":[{"embeddable":true,"href":"https:\/\/saxsim.ee\/swp\/wp-json\/wp\/v2\/comments?post=3275"}],"wp:featuredmedia":[{"embeddable":true,"href":"https:\/\/saxsim.ee\/swp\/wp-json\/wp\/v2\/media\/3243"}],"wp:attachment":[{"href":"https:\/\/saxsim.ee\/swp\/wp-json\/wp\/v2\/media?parent=3275"}],"wp:term":[{"taxonomy":"product_cat","embeddable":true,"href":"https:\/\/saxsim.ee\/swp\/wp-json\/wp\/v2\/product_cat?post=3275"},{"taxonomy":"product_tag","embeddable":true,"href":"https:\/\/saxsim.ee\/swp\/wp-json\/wp\/v2\/product_tag?post=3275"}],"curies":[{"name":"wp","href":"https:\/\/api.w.org\/{rel}","templated":true}]}}