{"id":3272,"date":"2017-04-19T22:51:30","date_gmt":"2017-04-19T19:51:30","guid":{"rendered":"https:\/\/www.saxsim.ee\/swp\/?post_type=product&#038;p=3272"},"modified":"2024-01-21T09:54:27","modified_gmt":"2024-01-21T07:54:27","slug":"jaguar-silver-ice-es-46z","status":"publish","type":"product","link":"https:\/\/saxsim.ee\/swp\/product\/jaguar-silver-ice-es-46z\/","title":{"rendered":"Jaguar Silver Ice ES 46Z &#8211; fileerk\u00e4\u00e4rid 6,5&#8243;"},"content":{"rendered":"<p>46-hambaga fileerk\u00e4\u00e4rid.<\/p>\n<p>Pikkus &#8211; 6,5&#8243; ( 17,0 cm. )<\/p>\n<p>&nbsp;<\/p>\n","protected":false},"excerpt":{"rendered":"<p>46-hambaga fileerk\u00e4\u00e4rid. Pikkus &#8211; 6,5&#8243; ( 17,0 cm. ) &nbsp;<\/p>\n","protected":false},"featured_media":3240,"comment_status":"closed","ping_status":"closed","template":"","meta":[],"product_cat":[736,401,174,277],"product_tag":[],"class_list":{"0":"post-3272","1":"product","2":"type-product","3":"status-publish","4":"has-post-thumbnail","6":"product_cat-jaguar","7":"product_cat-juuksuri-tarvikud","8":"product_cat-kaarid","9":"product_cat-fileerkaarid","11":"first","12":"instock","13":"taxable","14":"shipping-taxable","15":"purchasable","16":"product-type-simple"},"_links":{"self":[{"href":"https:\/\/saxsim.ee\/swp\/wp-json\/wp\/v2\/product\/3272"}],"collection":[{"href":"https:\/\/saxsim.ee\/swp\/wp-json\/wp\/v2\/product"}],"about":[{"href":"https:\/\/saxsim.ee\/swp\/wp-json\/wp\/v2\/types\/product"}],"replies":[{"embeddable":true,"href":"https:\/\/saxsim.ee\/swp\/wp-json\/wp\/v2\/comments?post=3272"}],"wp:featuredmedia":[{"embeddable":true,"href":"https:\/\/saxsim.ee\/swp\/wp-json\/wp\/v2\/media\/3240"}],"wp:attachment":[{"href":"https:\/\/saxsim.ee\/swp\/wp-json\/wp\/v2\/media?parent=3272"}],"wp:term":[{"taxonomy":"product_cat","embeddable":true,"href":"https:\/\/saxsim.ee\/swp\/wp-json\/wp\/v2\/product_cat?post=3272"},{"taxonomy":"product_tag","embeddable":true,"href":"https:\/\/saxsim.ee\/swp\/wp-json\/wp\/v2\/product_tag?post=3272"}],"curies":[{"name":"wp","href":"https:\/\/api.w.org\/{rel}","templated":true}]}}