{"id":3271,"date":"2017-04-19T22:49:32","date_gmt":"2017-04-19T19:49:32","guid":{"rendered":"https:\/\/www.saxsim.ee\/swp\/?post_type=product&#038;p=3271"},"modified":"2025-03-27T09:25:04","modified_gmt":"2025-03-27T07:25:04","slug":"jaguar-satin-plus-es-46","status":"publish","type":"product","link":"https:\/\/saxsim.ee\/swp\/product\/jaguar-satin-plus-es-46\/","title":{"rendered":"Jaguar Satin Plus ES 46 &#8211; fileerk\u00e4\u00e4rid 6,5&#8243;"},"content":{"rendered":"<p>46-hambaga fileerk\u00e4\u00e4rid.<\/p>\n<p>Pikkus &#8211; 6,5&#8243; ( 17,0 cm. )<\/p>\n<p>&nbsp;<\/p>\n","protected":false},"excerpt":{"rendered":"<p>46-hambaga fileerk\u00e4\u00e4rid. Pikkus &#8211; 6,5&#8243; ( 17,0 cm. ) &nbsp;<\/p>\n","protected":false},"featured_media":3239,"comment_status":"closed","ping_status":"closed","template":"","meta":[],"product_cat":[736,401,174,277],"product_tag":[],"class_list":{"0":"post-3271","1":"product","2":"type-product","3":"status-publish","4":"has-post-thumbnail","6":"product_cat-jaguar","7":"product_cat-juuksuri-tarvikud","8":"product_cat-kaarid","9":"product_cat-fileerkaarid","11":"first","12":"instock","13":"taxable","14":"shipping-taxable","15":"purchasable","16":"product-type-simple"},"_links":{"self":[{"href":"https:\/\/saxsim.ee\/swp\/wp-json\/wp\/v2\/product\/3271"}],"collection":[{"href":"https:\/\/saxsim.ee\/swp\/wp-json\/wp\/v2\/product"}],"about":[{"href":"https:\/\/saxsim.ee\/swp\/wp-json\/wp\/v2\/types\/product"}],"replies":[{"embeddable":true,"href":"https:\/\/saxsim.ee\/swp\/wp-json\/wp\/v2\/comments?post=3271"}],"wp:featuredmedia":[{"embeddable":true,"href":"https:\/\/saxsim.ee\/swp\/wp-json\/wp\/v2\/media\/3239"}],"wp:attachment":[{"href":"https:\/\/saxsim.ee\/swp\/wp-json\/wp\/v2\/media?parent=3271"}],"wp:term":[{"taxonomy":"product_cat","embeddable":true,"href":"https:\/\/saxsim.ee\/swp\/wp-json\/wp\/v2\/product_cat?post=3271"},{"taxonomy":"product_tag","embeddable":true,"href":"https:\/\/saxsim.ee\/swp\/wp-json\/wp\/v2\/product_tag?post=3271"}],"curies":[{"name":"wp","href":"https:\/\/api.w.org\/{rel}","templated":true}]}}