{"id":3264,"date":"2017-04-19T22:29:56","date_gmt":"2017-04-19T19:29:56","guid":{"rendered":"https:\/\/www.saxsim.ee\/swp\/?post_type=product&#038;p=3264"},"modified":"2024-01-21T10:32:24","modified_gmt":"2024-01-21T08:32:24","slug":"jaguar-jp10-left-525","status":"publish","type":"product","link":"https:\/\/saxsim.ee\/swp\/product\/jaguar-jp10-left-525\/","title":{"rendered":"Jaguar JP10 LEFT 5,25&#8243; &#8211; vasakuk\u00e4eliste l\u00f5ikusk\u00e4\u00e4rid"},"content":{"rendered":"<p>AINULT VASAKUK\u00c4ELISTELE m\u00f5eldud l\u00f5ikusk\u00e4\u00e4rid.<\/p>\n<p>&nbsp;<\/p>\n","protected":false},"excerpt":{"rendered":"<p>AINULT VASAKUK\u00c4ELISTELE m\u00f5eldud l\u00f5ikusk\u00e4\u00e4rid. &nbsp;<\/p>\n","protected":false},"featured_media":3252,"comment_status":"closed","ping_status":"closed","template":"","meta":[],"product_cat":[736,401,174,740],"product_tag":[],"class_list":{"0":"post-3264","1":"product","2":"type-product","3":"status-publish","4":"has-post-thumbnail","6":"product_cat-jaguar","7":"product_cat-juuksuri-tarvikud","8":"product_cat-kaarid","9":"product_cat-vasakukaeliste-kaarid","11":"first","12":"instock","13":"taxable","14":"shipping-taxable","15":"purchasable","16":"product-type-simple"},"_links":{"self":[{"href":"https:\/\/saxsim.ee\/swp\/wp-json\/wp\/v2\/product\/3264"}],"collection":[{"href":"https:\/\/saxsim.ee\/swp\/wp-json\/wp\/v2\/product"}],"about":[{"href":"https:\/\/saxsim.ee\/swp\/wp-json\/wp\/v2\/types\/product"}],"replies":[{"embeddable":true,"href":"https:\/\/saxsim.ee\/swp\/wp-json\/wp\/v2\/comments?post=3264"}],"wp:featuredmedia":[{"embeddable":true,"href":"https:\/\/saxsim.ee\/swp\/wp-json\/wp\/v2\/media\/3252"}],"wp:attachment":[{"href":"https:\/\/saxsim.ee\/swp\/wp-json\/wp\/v2\/media?parent=3264"}],"wp:term":[{"taxonomy":"product_cat","embeddable":true,"href":"https:\/\/saxsim.ee\/swp\/wp-json\/wp\/v2\/product_cat?post=3264"},{"taxonomy":"product_tag","embeddable":true,"href":"https:\/\/saxsim.ee\/swp\/wp-json\/wp\/v2\/product_tag?post=3264"}],"curies":[{"name":"wp","href":"https:\/\/api.w.org\/{rel}","templated":true}]}}