{"id":3259,"date":"2017-04-19T22:15:21","date_gmt":"2017-04-19T19:15:21","guid":{"rendered":"https:\/\/www.saxsim.ee\/swp\/?post_type=product&#038;p=3259"},"modified":"2025-11-18T09:58:29","modified_gmt":"2025-11-18T07:58:29","slug":"jaguar-pre-style-relax-60","status":"publish","type":"product","link":"https:\/\/saxsim.ee\/swp\/product\/jaguar-pre-style-relax-60\/","title":{"rendered":"Jaguar Pre Style Relax P 6,0&#8243; &#8211; l\u00f5ikusk\u00e4\u00e4rid"},"content":{"rendered":"<p>L\u00f5ikusk\u00e4\u00e4rid.<\/p>\n<p>&#8211; K\u00e4epideme asend: nihkes (\u00a0 Offset )<br \/>\n&#8211; Materjal: roostevaba kroomteras<br \/>\n&#8211; Kaal: 35 g.<br \/>\n&#8211; Eriomadused: eemaldatav s\u00f5rmetugi<br \/>\n&#8211; Kruvi\u00fchendus: s\u00fcvistatud kruvi<br \/>\n&#8211; K\u00e4elisus: parem<br \/>\n&#8211; K\u00e4\u00e4ride suurus: 6.0<br \/>\n&#8211; V\u00e4rvus: h\u00f5bedane<br \/>\n&#8211; L\u00f5ikeserv: 1 tera mikrohambuline ( micro-serration )<\/p>\n","protected":false},"excerpt":{"rendered":"<p>L\u00f5ikusk\u00e4\u00e4rid. &#8211; K\u00e4epideme asend: nihkes (\u00a0 Offset ) &#8211; Materjal: roostevaba kroomteras &#8211; Kaal: 35 g. &#8211; Eriomadused: eemaldatav s\u00f5rmetugi &#8211; Kruvi\u00fchendus: s\u00fcvistatud kruvi &#8211; K\u00e4elisus: parem &#8211; K\u00e4\u00e4ride suurus: 6.0 &#8211; V\u00e4rvus: h\u00f5bedane &#8211; L\u00f5ikeserv: 1 tera mikrohambuline ( micro-serration )<\/p>\n","protected":false},"featured_media":3255,"comment_status":"closed","ping_status":"closed","template":"","meta":[],"product_cat":[736,401,174,276],"product_tag":[],"class_list":{"0":"post-3259","1":"product","2":"type-product","3":"status-publish","4":"has-post-thumbnail","6":"product_cat-jaguar","7":"product_cat-juuksuri-tarvikud","8":"product_cat-kaarid","9":"product_cat-loikuskaarid","11":"first","12":"instock","13":"taxable","14":"shipping-taxable","15":"purchasable","16":"product-type-simple"},"_links":{"self":[{"href":"https:\/\/saxsim.ee\/swp\/wp-json\/wp\/v2\/product\/3259"}],"collection":[{"href":"https:\/\/saxsim.ee\/swp\/wp-json\/wp\/v2\/product"}],"about":[{"href":"https:\/\/saxsim.ee\/swp\/wp-json\/wp\/v2\/types\/product"}],"replies":[{"embeddable":true,"href":"https:\/\/saxsim.ee\/swp\/wp-json\/wp\/v2\/comments?post=3259"}],"wp:featuredmedia":[{"embeddable":true,"href":"https:\/\/saxsim.ee\/swp\/wp-json\/wp\/v2\/media\/3255"}],"wp:attachment":[{"href":"https:\/\/saxsim.ee\/swp\/wp-json\/wp\/v2\/media?parent=3259"}],"wp:term":[{"taxonomy":"product_cat","embeddable":true,"href":"https:\/\/saxsim.ee\/swp\/wp-json\/wp\/v2\/product_cat?post=3259"},{"taxonomy":"product_tag","embeddable":true,"href":"https:\/\/saxsim.ee\/swp\/wp-json\/wp\/v2\/product_tag?post=3259"}],"curies":[{"name":"wp","href":"https:\/\/api.w.org\/{rel}","templated":true}]}}