{"id":3232,"date":"2017-04-19T13:53:24","date_gmt":"2017-04-19T10:53:24","guid":{"rendered":"https:\/\/www.saxsim.ee\/swp\/?post_type=product&#038;p=3232"},"modified":"2025-03-27T08:35:55","modified_gmt":"2025-03-27T06:35:55","slug":"mobile-washbasin-quick-peapesukauss","status":"publish","type":"product","link":"https:\/\/saxsim.ee\/swp\/product\/mobile-washbasin-quick-peapesukauss\/","title":{"rendered":"Mobile Washbasin, Quick &#8211; peapesukauss"},"content":{"rendered":"<p>Reguleeritava k\u00f5rgusega ( 86 &#8211; 133 cm. ) statiivil peapesukauss. Pesukohal on kallutatav valamu ja musta vee kogumisn\u00f5u ( u. 10 l. ).<\/p>\n<p>Valamu s\u00fcgavus &#8211; u. 23 cm.<br \/>\nKaal &#8211; u. 5 kg.<\/p>\n","protected":false},"excerpt":{"rendered":"<p>Reguleeritava k\u00f5rgusega ( 86 &#8211; 133 cm. ) statiivil peapesukauss. Pesukohal on kallutatav valamu ja musta vee kogumisn\u00f5u ( u. 10 l. ). Valamu s\u00fcgavus &#8211; u. 23 cm. Kaal &#8211; u. 5 kg.<\/p>\n","protected":false},"featured_media":3234,"comment_status":"closed","ping_status":"closed","template":"","meta":[],"product_cat":[325,375,401],"product_tag":[],"class_list":{"0":"post-3232","1":"product","2":"type-product","3":"status-publish","4":"has-post-thumbnail","6":"product_cat-juuksuri-ja-ilusalongi-sisustus","7":"product_cat-pesukohad","8":"product_cat-juuksuri-tarvikud","10":"first","11":"instock","12":"taxable","13":"shipping-taxable","14":"purchasable","15":"product-type-simple"},"_links":{"self":[{"href":"https:\/\/saxsim.ee\/swp\/wp-json\/wp\/v2\/product\/3232"}],"collection":[{"href":"https:\/\/saxsim.ee\/swp\/wp-json\/wp\/v2\/product"}],"about":[{"href":"https:\/\/saxsim.ee\/swp\/wp-json\/wp\/v2\/types\/product"}],"replies":[{"embeddable":true,"href":"https:\/\/saxsim.ee\/swp\/wp-json\/wp\/v2\/comments?post=3232"}],"wp:featuredmedia":[{"embeddable":true,"href":"https:\/\/saxsim.ee\/swp\/wp-json\/wp\/v2\/media\/3234"}],"wp:attachment":[{"href":"https:\/\/saxsim.ee\/swp\/wp-json\/wp\/v2\/media?parent=3232"}],"wp:term":[{"taxonomy":"product_cat","embeddable":true,"href":"https:\/\/saxsim.ee\/swp\/wp-json\/wp\/v2\/product_cat?post=3232"},{"taxonomy":"product_tag","embeddable":true,"href":"https:\/\/saxsim.ee\/swp\/wp-json\/wp\/v2\/product_tag?post=3232"}],"curies":[{"name":"wp","href":"https:\/\/api.w.org\/{rel}","templated":true}]}}