{"id":3229,"date":"2017-04-19T13:45:07","date_gmt":"2017-04-19T10:45:07","guid":{"rendered":"https:\/\/www.saxsim.ee\/swp\/?post_type=product&#038;p=3229"},"modified":"2024-01-26T08:39:40","modified_gmt":"2024-01-26T06:39:40","slug":"trolley-profi-tookaru","status":"publish","type":"product","link":"https:\/\/saxsim.ee\/swp\/product\/trolley-profi-tookaru\/","title":{"rendered":"Trolley, Profi &#8211; t\u00f6\u00f6k\u00e4ru"},"content":{"rendered":"<p>Suurte kummist ratastega, 5 sahtliga t\u00f6\u00f6k\u00e4ru. Sahtli saab kinnitada k\u00e4ru k\u00fcljele.<\/p>\n<p>K\u00f5rgus &#8211; 89,0 cm.<\/p>\n<p>Laius &#8211; 33,0 cm.<\/p>\n<p>S\u00fcgavus &#8211; 38,0 cm.<\/p>\n<p>&nbsp;<\/p>\n","protected":false},"excerpt":{"rendered":"<p>Suurte kummist ratastega, 5 sahtliga t\u00f6\u00f6k\u00e4ru. Sahtli saab kinnitada k\u00e4ru k\u00fcljele. K\u00f5rgus &#8211; 89,0 cm. Laius &#8211; 33,0 cm. S\u00fcgavus &#8211; 38,0 cm. &nbsp;<\/p>\n","protected":false},"featured_media":3230,"comment_status":"closed","ping_status":"closed","template":"","meta":[],"product_cat":[325,334,401],"product_tag":[],"class_list":{"0":"post-3229","1":"product","2":"type-product","3":"status-publish","4":"has-post-thumbnail","6":"product_cat-juuksuri-ja-ilusalongi-sisustus","7":"product_cat-tookarud","8":"product_cat-juuksuri-tarvikud","10":"first","11":"instock","12":"taxable","13":"shipping-taxable","14":"purchasable","15":"product-type-simple"},"_links":{"self":[{"href":"https:\/\/saxsim.ee\/swp\/wp-json\/wp\/v2\/product\/3229"}],"collection":[{"href":"https:\/\/saxsim.ee\/swp\/wp-json\/wp\/v2\/product"}],"about":[{"href":"https:\/\/saxsim.ee\/swp\/wp-json\/wp\/v2\/types\/product"}],"replies":[{"embeddable":true,"href":"https:\/\/saxsim.ee\/swp\/wp-json\/wp\/v2\/comments?post=3229"}],"wp:featuredmedia":[{"embeddable":true,"href":"https:\/\/saxsim.ee\/swp\/wp-json\/wp\/v2\/media\/3230"}],"wp:attachment":[{"href":"https:\/\/saxsim.ee\/swp\/wp-json\/wp\/v2\/media?parent=3229"}],"wp:term":[{"taxonomy":"product_cat","embeddable":true,"href":"https:\/\/saxsim.ee\/swp\/wp-json\/wp\/v2\/product_cat?post=3229"},{"taxonomy":"product_tag","embeddable":true,"href":"https:\/\/saxsim.ee\/swp\/wp-json\/wp\/v2\/product_tag?post=3229"}],"curies":[{"name":"wp","href":"https:\/\/api.w.org\/{rel}","templated":true}]}}