{"id":3226,"date":"2017-04-19T13:39:10","date_gmt":"2017-04-19T10:39:10","guid":{"rendered":"https:\/\/www.saxsim.ee\/swp\/?post_type=product&#038;p=3226"},"modified":"2022-09-13T18:53:11","modified_gmt":"2022-09-13T15:53:11","slug":"trolley-energy-tookaru","status":"publish","type":"product","link":"https:\/\/saxsim.ee\/swp\/product\/trolley-energy-tookaru\/","title":{"rendered":"Trolley, Energy &#8211; t\u00f6\u00f6k\u00e4ru"},"content":{"rendered":"<p>Plastratastega, soodne, 5 sahtliga t\u00f6\u00f6k\u00e4ru. Sahtli saab kinnitada k\u00e4ru k\u00fcljele.<\/p>\n<p>K\u00f5rgus &#8211; 82,0 cm.<\/p>\n<p>Laius &#8211; 32,0 cm.<\/p>\n<p>S\u00fcgavus &#8211; 50,0 cm.<\/p>\n<p>&nbsp;<\/p>\n","protected":false},"excerpt":{"rendered":"<p>Plastratastega, soodne, 5 sahtliga t\u00f6\u00f6k\u00e4ru. Sahtli saab kinnitada k\u00e4ru k\u00fcljele. K\u00f5rgus &#8211; 82,0 cm. Laius &#8211; 32,0 cm. S\u00fcgavus &#8211; 50,0 cm. &nbsp;<\/p>\n","protected":false},"featured_media":3227,"comment_status":"closed","ping_status":"closed","template":"","meta":[],"product_cat":[325,334,401],"product_tag":[],"class_list":{"0":"post-3226","1":"product","2":"type-product","3":"status-publish","4":"has-post-thumbnail","6":"product_cat-juuksuri-ja-ilusalongi-sisustus","7":"product_cat-tookarud","8":"product_cat-juuksuri-tarvikud","10":"first","11":"instock","12":"taxable","13":"shipping-taxable","14":"purchasable","15":"product-type-simple"},"_links":{"self":[{"href":"https:\/\/saxsim.ee\/swp\/wp-json\/wp\/v2\/product\/3226"}],"collection":[{"href":"https:\/\/saxsim.ee\/swp\/wp-json\/wp\/v2\/product"}],"about":[{"href":"https:\/\/saxsim.ee\/swp\/wp-json\/wp\/v2\/types\/product"}],"replies":[{"embeddable":true,"href":"https:\/\/saxsim.ee\/swp\/wp-json\/wp\/v2\/comments?post=3226"}],"wp:featuredmedia":[{"embeddable":true,"href":"https:\/\/saxsim.ee\/swp\/wp-json\/wp\/v2\/media\/3227"}],"wp:attachment":[{"href":"https:\/\/saxsim.ee\/swp\/wp-json\/wp\/v2\/media?parent=3226"}],"wp:term":[{"taxonomy":"product_cat","embeddable":true,"href":"https:\/\/saxsim.ee\/swp\/wp-json\/wp\/v2\/product_cat?post=3226"},{"taxonomy":"product_tag","embeddable":true,"href":"https:\/\/saxsim.ee\/swp\/wp-json\/wp\/v2\/product_tag?post=3226"}],"curies":[{"name":"wp","href":"https:\/\/api.w.org\/{rel}","templated":true}]}}