{"id":3223,"date":"2017-04-19T13:31:49","date_gmt":"2017-04-19T10:31:49","guid":{"rendered":"https:\/\/www.saxsim.ee\/swp\/?post_type=product&#038;p=3223"},"modified":"2025-03-09T10:17:14","modified_gmt":"2025-03-09T08:17:14","slug":"salon-stool-comfort-tootool","status":"publish","type":"product","link":"https:\/\/saxsim.ee\/swp\/product\/salon-stool-comfort-tootool\/","title":{"rendered":"Salon Stool, Comfort &#8211; t\u00f6\u00f6tool"},"content":{"rendered":"<p>\u00dcmmarguse istmega\u00a0t\u00f6\u00f6tool juuksurile v\u00f5i kosmeetikule.<\/p>\n<p>5-haruline kroomitud jalg,\u00a0\u00f8 50 cm<\/p>\n<p>reguleeritava k\u00f5rgusega ( 54-74 cm. ) gaasipump<\/p>\n<p>max. kaal &#8211; 100 kg.<\/p>\n<p>v\u00e4rv &#8211; must v\u00f5i valge<\/p>\n","protected":false},"excerpt":{"rendered":"<p>\u00dcmmarguse istmega\u00a0t\u00f6\u00f6tool juuksurile v\u00f5i kosmeetikule. 5-haruline kroomitud jalg,\u00a0\u00f8 50 cm reguleeritava k\u00f5rgusega ( 54-74 cm. ) gaasipump max. kaal &#8211; 100 kg. v\u00e4rv &#8211; must v\u00f5i valge<\/p>\n","protected":false},"featured_media":3224,"comment_status":"closed","ping_status":"closed","template":"","meta":[],"product_cat":[325,333,400,589,577,401],"product_tag":[],"class_list":{"0":"post-3223","1":"product","2":"type-product","3":"status-publish","4":"has-post-thumbnail","6":"product_cat-juuksuri-ja-ilusalongi-sisustus","7":"product_cat-tootoolid","8":"product_cat-ilusalongi-sisustus","9":"product_cat-tootoolid-ilusalongi-sisustus","10":"product_cat-iluteenindaja-tarvikud","11":"product_cat-juuksuri-tarvikud","13":"first","14":"instock","15":"taxable","16":"shipping-taxable","17":"purchasable","18":"product-type-simple"},"_links":{"self":[{"href":"https:\/\/saxsim.ee\/swp\/wp-json\/wp\/v2\/product\/3223"}],"collection":[{"href":"https:\/\/saxsim.ee\/swp\/wp-json\/wp\/v2\/product"}],"about":[{"href":"https:\/\/saxsim.ee\/swp\/wp-json\/wp\/v2\/types\/product"}],"replies":[{"embeddable":true,"href":"https:\/\/saxsim.ee\/swp\/wp-json\/wp\/v2\/comments?post=3223"}],"wp:featuredmedia":[{"embeddable":true,"href":"https:\/\/saxsim.ee\/swp\/wp-json\/wp\/v2\/media\/3224"}],"wp:attachment":[{"href":"https:\/\/saxsim.ee\/swp\/wp-json\/wp\/v2\/media?parent=3223"}],"wp:term":[{"taxonomy":"product_cat","embeddable":true,"href":"https:\/\/saxsim.ee\/swp\/wp-json\/wp\/v2\/product_cat?post=3223"},{"taxonomy":"product_tag","embeddable":true,"href":"https:\/\/saxsim.ee\/swp\/wp-json\/wp\/v2\/product_tag?post=3223"}],"curies":[{"name":"wp","href":"https:\/\/api.w.org\/{rel}","templated":true}]}}