{"id":3209,"date":"2017-04-19T12:26:19","date_gmt":"2017-04-19T09:26:19","guid":{"rendered":"https:\/\/www.saxsim.ee\/swp\/?post_type=product&#038;p=3209"},"modified":"2017-06-01T11:56:36","modified_gmt":"2017-06-01T08:56:36","slug":"callus-remover-nahapaksendite-eemaldaja","status":"publish","type":"product","link":"https:\/\/saxsim.ee\/swp\/product\/callus-remover-nahapaksendite-eemaldaja\/","title":{"rendered":"Callus Remover &#8211; nahapaksendite eemaldaja"},"content":{"rendered":"<p>Roostevabast terasest ja plastikust valmistatud nahapaksendite eemaldaja.<\/p>\n<p>&nbsp;<\/p>\n<p>Valmistatud &#8211;\u00a0Solingenis, Saksamaal<\/p>\n<p>\u017diletiderad m\u00fc\u00fcakse eraldi.<\/p>\n<p>&nbsp;<\/p>\n","protected":false},"excerpt":{"rendered":"<p>Roostevabast terasest ja plastikust valmistatud nahapaksendite eemaldaja. &nbsp; Valmistatud &#8211;\u00a0Solingenis, Saksamaal \u017diletiderad m\u00fc\u00fcakse eraldi. &nbsp;<\/p>\n","protected":false},"featured_media":3210,"comment_status":"closed","ping_status":"closed","template":"","meta":[],"product_cat":[577,598],"product_tag":[],"class_list":{"0":"post-3209","1":"product","2":"type-product","3":"status-publish","4":"has-post-thumbnail","6":"product_cat-iluteenindaja-tarvikud","7":"product_cat-muud-tarvikud-iluteenindaja-tarvikud","9":"first","10":"instock","11":"taxable","12":"shipping-taxable","13":"purchasable","14":"product-type-simple"},"_links":{"self":[{"href":"https:\/\/saxsim.ee\/swp\/wp-json\/wp\/v2\/product\/3209"}],"collection":[{"href":"https:\/\/saxsim.ee\/swp\/wp-json\/wp\/v2\/product"}],"about":[{"href":"https:\/\/saxsim.ee\/swp\/wp-json\/wp\/v2\/types\/product"}],"replies":[{"embeddable":true,"href":"https:\/\/saxsim.ee\/swp\/wp-json\/wp\/v2\/comments?post=3209"}],"wp:featuredmedia":[{"embeddable":true,"href":"https:\/\/saxsim.ee\/swp\/wp-json\/wp\/v2\/media\/3210"}],"wp:attachment":[{"href":"https:\/\/saxsim.ee\/swp\/wp-json\/wp\/v2\/media?parent=3209"}],"wp:term":[{"taxonomy":"product_cat","embeddable":true,"href":"https:\/\/saxsim.ee\/swp\/wp-json\/wp\/v2\/product_cat?post=3209"},{"taxonomy":"product_tag","embeddable":true,"href":"https:\/\/saxsim.ee\/swp\/wp-json\/wp\/v2\/product_tag?post=3209"}],"curies":[{"name":"wp","href":"https:\/\/api.w.org\/{rel}","templated":true}]}}