{"id":3188,"date":"2017-04-19T11:11:07","date_gmt":"2017-04-19T08:11:07","guid":{"rendered":"https:\/\/www.saxsim.ee\/swp\/?post_type=product&#038;p=3188"},"modified":"2023-11-09T07:38:28","modified_gmt":"2023-11-09T05:38:28","slug":"dyeing-apron-hairway-poll","status":"publish","type":"product","link":"https:\/\/saxsim.ee\/swp\/product\/dyeing-apron-hairway-poll\/","title":{"rendered":"Dyeing Apron, Hairway &#8211; p\u00f5ll"},"content":{"rendered":"<p>Suurus &#8211; 70*104 cm.<\/p>\n<p>Kinnitus &#8211;\u00a0reguleeritavate \u00f5lapaeltega<\/p>\n<p>Materjal \u2013 veekindel,\u00a0100% nailon<\/p>\n<p>Nelja\u00a0taskuga<\/p>\n<p><strong>Hooldus:<\/strong><\/p>\n<p>masinpesu madalal temperatuuril<\/p>\n<p>kuivatada soovitavalt n\u00f6\u00f6ril. Trummelkuivatus ainult madalatel p\u00f6\u00f6retel!<\/p>\n<p>pesemisel \u00e4rge kunagi kasutage vedelaid valgendusvahendeid!<\/p>\n<p>v\u00e4rviplekid eemaldage koheselt niiske paberr\u00e4tikuga. Raskemaid v\u00e4rviplekke proovi eemaldada sooja vee ja seebiga. Eriti rasketel juhtudel v\u00f5ib vaja minna v\u00e4rvieemaldajat.<\/p>\n<p>\u00e4rge kunagi pange v\u00e4rviplekkidega r\u00f5ivast otse masinasse<\/p>\n<p>&nbsp;<\/p>\n","protected":false},"excerpt":{"rendered":"<p>Suurus &#8211; 70*104 cm. Kinnitus &#8211;\u00a0reguleeritavate \u00f5lapaeltega Materjal \u2013 veekindel,\u00a0100% nailon Nelja\u00a0taskuga Hooldus: masinpesu madalal temperatuuril kuivatada soovitavalt n\u00f6\u00f6ril. Trummelkuivatus ainult madalatel p\u00f6\u00f6retel! pesemisel \u00e4rge kunagi kasutage vedelaid valgendusvahendeid! v\u00e4rviplekid eemaldage koheselt niiske paberr\u00e4tikuga. Raskemaid v\u00e4rviplekke proovi eemaldada sooja vee ja seebiga. Eriti rasketel juhtudel v\u00f5ib vaja minna v\u00e4rvieemaldajat. \u00e4rge kunagi pange v\u00e4rviplekkidega r\u00f5ivast otse [&hellip;]<\/p>\n","protected":false},"featured_media":3189,"comment_status":"closed","ping_status":"closed","template":"","meta":[],"product_cat":[577,592,401,297],"product_tag":[],"class_list":{"0":"post-3188","1":"product","2":"type-product","3":"status-publish","4":"has-post-thumbnail","6":"product_cat-iluteenindaja-tarvikud","7":"product_cat-polled-ja-tooroivad-iluteenindajale","8":"product_cat-juuksuri-tarvikud","9":"product_cat-polled-ja-tooroivad","11":"first","12":"instock","13":"taxable","14":"shipping-taxable","15":"purchasable","16":"product-type-simple"},"_links":{"self":[{"href":"https:\/\/saxsim.ee\/swp\/wp-json\/wp\/v2\/product\/3188"}],"collection":[{"href":"https:\/\/saxsim.ee\/swp\/wp-json\/wp\/v2\/product"}],"about":[{"href":"https:\/\/saxsim.ee\/swp\/wp-json\/wp\/v2\/types\/product"}],"replies":[{"embeddable":true,"href":"https:\/\/saxsim.ee\/swp\/wp-json\/wp\/v2\/comments?post=3188"}],"wp:featuredmedia":[{"embeddable":true,"href":"https:\/\/saxsim.ee\/swp\/wp-json\/wp\/v2\/media\/3189"}],"wp:attachment":[{"href":"https:\/\/saxsim.ee\/swp\/wp-json\/wp\/v2\/media?parent=3188"}],"wp:term":[{"taxonomy":"product_cat","embeddable":true,"href":"https:\/\/saxsim.ee\/swp\/wp-json\/wp\/v2\/product_cat?post=3188"},{"taxonomy":"product_tag","embeddable":true,"href":"https:\/\/saxsim.ee\/swp\/wp-json\/wp\/v2\/product_tag?post=3188"}],"curies":[{"name":"wp","href":"https:\/\/api.w.org\/{rel}","templated":true}]}}